{"id":3777,"date":"2020-12-17T16:19:01","date_gmt":"2020-12-17T16:19:01","guid":{"rendered":"https:\/\/hoganspalma.com\/nosotros\/"},"modified":"2020-12-18T10:59:02","modified_gmt":"2020-12-18T10:59:02","slug":"nosotros","status":"publish","type":"page","link":"https:\/\/hoganspalma.com\/es\/nosotros\/","title":{"rendered":"Nosotros"},"content":{"rendered":"<p>[vc_row content_width=&#8221;grid&#8221; css=&#8221;.vc_custom_1607014836901{margin-top: -60px !important;margin-right: -55px !important;margin-left: -55px !important;padding-top: 10px !important;border-radius: 15px !important;}&#8221;][vc_column css=&#8221;.vc_custom_1607011557553{margin-bottom: 5px !important;}&#8221;][vc_raw_html]PHAgc3R5bGU9InRleHQtYWxpZ246IGNlbnRlcjsiPjxzcGFuIGNsYXNzPSJnbGYtYnV0dG9uIiBzdHlsZT0icGFkZGluZzogMTVweDsgZm9udC1zaXplOiAxNnB4OyBjb2xvcjojZmZkNzFiICFpbXBvcnRhbnQ7IGJhY2tncm91bmQtY29sb3I6ICMyNzU0NWUgICIgZGF0YS1nbGYtY3VpZD0iZWZjN2IyNzQtZTA1Yi00ZTkzLTg0MmYtNTQ5ZjZkMzIzMTgwIiBkYXRhLWdsZi1ydWlkPSJiYmU3ODFmNy05M2E2LTRlMTMtYjEzMy0yZjdiMzE5ODFiZTEiPiBNaXJhIGVsIG1lbnUgeSBQSURFIEFIT1JBIDwvc3Bhbj4KPHNjcmlwdCBzcmM9Imh0dHBzOi8vd3d3LmZiZ2Nkbi5jb20vZW1iZWRkZXIvanMvZXdtMi5qcyIgZGVmZXIgYXN5bmM9IiI+PC9zY3JpcHQ+[\/vc_raw_html][vc_zigzag color=&#8221;custom&#8221; el_border_width=&#8221;8&#8243; custom_color=&#8221;#27545e&#8221;][\/vc_column][\/vc_row][vc_row css=&#8221;.vc_custom_1447332311807{padding-top: 60px !important;padding-bottom: 20px !important;}&#8221;][vc_column offset=&#8221;vc_col-lg-6 vc_col-md-12&#8243;][vc_column_text]<\/p>\n<h2>NOSOTROS<\/h2>\n<p>[\/vc_column_text][vc_empty_space height=&#8221;15px&#8221;][vc_column_text css=&#8221;.vc_custom_1601045225822{padding-right: 3% !important;}&#8221;]El Hogan&#8217;s original se inaugur\u00f3 en septiembre de 1996 y se convirti\u00f3 en un \u00e9xito instant\u00e1neo entre la gente que vive y visita Mallorca. El primer y \u00fanico pub irland\u00e9s aut\u00e9ntico de Palma, fabricado en Irlanda y enviado a Mallorca. Desde entonces, Hogan\u00b4s ha recorrido un largo camino. En 2007 nos expandimos, agregando un restaurante deportivo con recuerdos de las leyendas del deporte. Las hamburguesas gourmet Angus junto con un men\u00fa completo hacen de Hogans su local favorito. Con la mejor &#8220;pinta&#8221; de Guinness de la isla, una gran selecci\u00f3n de cervezas, c\u00f3cteles, cocina, m\u00fasica en vivo y deportes, \u00a1Hogans lo tiene todo! Los pubs irlandeses en Irlanda han evolucionado y nosotros hemos evolucionado con ellos[\/vc_column_text][vc_empty_space height=&#8221;24px&#8221;][vc_single_image image=&#8221;93&#8243; img_size=&#8221;full&#8221;][vc_empty_space height=&#8221;40px&#8221;][\/vc_column][vc_column offset=&#8221;vc_col-lg-6 vc_col-md-12&#8243;]<div class=\"mkdf-tabs mkdf-horizontal mkdf-tab-text-icon clearfix\">\n\t<ul class=\"mkdf-tabs-nav\">\n\t\t\t\t\t<li>\n\t\t\t\t<a href=\"#tab-history\">\t\t\t\t\t\n\t\t\t\t\t<span class=\"mkdf-icon-frame\"><\/span>\n\t\t\t\t\t<span class=\"mkdf-tab-text-after-icon\">\n\t\t\t\t\t\tHistory\t\t\t\t\t<\/span>\n\t\t\t\t<\/a>\n\t\t\t <\/li>\n\t\t\t\t\t<li>\n\t\t\t\t<a href=\"#tab-sports\">\t\t\t\t\t\n\t\t\t\t\t<span class=\"mkdf-icon-frame\"><\/span>\n\t\t\t\t\t<span class=\"mkdf-tab-text-after-icon\">\n\t\t\t\t\t\tSports\t\t\t\t\t<\/span>\n\t\t\t\t<\/a>\n\t\t\t <\/li>\n\t\t\t\t\t<li>\n\t\t\t\t<a href=\"#tab-kitchen\">\t\t\t\t\t\n\t\t\t\t\t<span class=\"mkdf-icon-frame\"><\/span>\n\t\t\t\t\t<span class=\"mkdf-tab-text-after-icon\">\n\t\t\t\t\t\tKitchen\t\t\t\t\t<\/span>\n\t\t\t\t<\/a>\n\t\t\t <\/li>\n\t\t\t\t\t<li>\n\t\t\t\t<a href=\"#tab-music\">\t\t\t\t\t\n\t\t\t\t\t<span class=\"mkdf-icon-frame\"><\/span>\n\t\t\t\t\t<span class=\"mkdf-tab-text-after-icon\">\n\t\t\t\t\t\tMusic\t\t\t\t\t<\/span>\n\t\t\t\t<\/a>\n\t\t\t <\/li>\n\t\t\t<\/ul> \n\t<div class=\"mkdf-tab-container\"  id=\"tab-history\" data-icon-pack=\"simple_line_icons\" data-icon-html=\"&lt;i class=&quot;mkdf-icon-simple-line-icon icon-bubbles &quot; &gt;&lt;\/i&gt;\">\n[vc_column_text]Con mucho espacio, terraza exterior con vistas al mar y al puerto deportivo, y en el interior con dos plantas y tres bares, atendemos todas las estaciones. Hogans es el lugar perfecto para almuerzos, cenas, diversi\u00f3n nocturna, eventos corporativos y privados.[\/vc_column_text]<div class=\"mkdf-icon-list-item\" style=\"margin-bottom:15pxpx\">\n\t<div class=\"mkdf-icon-list-icon-holder\">\n        <div class=\"mkdf-icon-list-icon-holder-inner clearfix\">\n\t\t\t<i class=\"mkdf-icon-simple-line-icon icon-directions mkdf-icon-list-item-icon-elem\" style=\"color:#2e2e2e;font-size:20px\" ><\/i>\t\t<\/div>\n\t<\/div>\n\t<p > Social center of Palma<\/p>\n<\/div>\n<div class=\"mkdf-icon-list-item\" style=\"margin-bottom:15pxpx\">\n\t<div class=\"mkdf-icon-list-icon-holder\">\n        <div class=\"mkdf-icon-list-icon-holder-inner clearfix\">\n\t\t\t<i class=\"mkdf-icon-simple-line-icon icon-target mkdf-icon-list-item-icon-elem\" style=\"color:#2e2e2e;font-size:20px\" ><\/i>\t\t<\/div>\n\t<\/div>\n\t<p > Hogan\u00b4s world famouse burger<\/p>\n<\/div>\n<div class=\"mkdf-icon-list-item\" style=\"margin-bottom:15pxpx\">\n\t<div class=\"mkdf-icon-list-icon-holder\">\n        <div class=\"mkdf-icon-list-icon-holder-inner clearfix\">\n\t\t\t<i class=\"mkdf-icon-simple-line-icon icon-screen-tablet mkdf-icon-list-item-icon-elem\" style=\"color:#2e2e2e;font-size:20px\" ><\/i>\t\t<\/div>\n\t<\/div>\n\t<p > Full\u00ad HD 55 inch Led Tv screens<\/p>\n<\/div>\n<\/div>\t\n\n<div class=\"mkdf-tab-container\"  id=\"tab-sports\" data-icon-pack=\"simple_line_icons\" data-icon-html=\"&lt;i class=&quot;mkdf-icon-simple-line-icon icon-trophy &quot; &gt;&lt;\/i&gt;\">\n[vc_column_text]Mostramos deportes todo el d\u00eda, todos los d\u00edas. Tenemos 14 pantallas Full HD para que nunca te pierdas la acci\u00f3n. Ofrecemos cobertura exclusiva de todos los eventos deportivos, lo que quieras, solo pregunta.[\/vc_column_text]<div class=\"mkdf-icon-list-item\" style=\"margin-bottom:15pxpx\">\n\t<div class=\"mkdf-icon-list-icon-holder\">\n        <div class=\"mkdf-icon-list-icon-holder-inner clearfix\">\n\t\t\t<i class=\"mkdf-icon-ion-icon ion-ios-football mkdf-icon-list-item-icon-elem\" style=\"color:#2e2e2e;font-size:20px\" ><\/i>\t\t<\/div>\n\t<\/div>\n\t<p > English Premier League, La Liga, Bundesliga, UEFA Champions, Eurocopa\u2026<\/p>\n<\/div>\n<div class=\"mkdf-icon-list-item\" style=\"margin-bottom:15pxpx\">\n\t<div class=\"mkdf-icon-list-icon-holder\">\n        <div class=\"mkdf-icon-list-icon-holder-inner clearfix\">\n\t\t\t<i class=\"mkdf-icon-font-awesome fa fa-automobile mkdf-icon-list-item-icon-elem\" style=\"color:#2e2e2e;font-size:20px\" ><\/i>\t\t<\/div>\n\t<\/div>\n\t<p > Rugby, G.A.A, Tennis, Golf, Formula 1, Basketball<\/p>\n<\/div>\n<div class=\"mkdf-icon-list-item\" style=\"margin-bottom:15pxpx\">\n\t<div class=\"mkdf-icon-list-icon-holder\">\n        <div class=\"mkdf-icon-list-icon-holder-inner clearfix\">\n\t\t\t<i class=\"mkdf-icon-font-awesome fa fa-tv mkdf-icon-list-item-icon-elem\" style=\"color:#2e2e2e;font-size:20px\" ><\/i>\t\t<\/div>\n\t<\/div>\n\t<p > and all other sporting events.<\/p>\n<\/div>\n<\/div>\t\n\n<div class=\"mkdf-tab-container\"  id=\"tab-kitchen\" data-icon-pack=\"simple_line_icons\" data-icon-html=\"&lt;i class=&quot;mkdf-icon-simple-line-icon icon-chemistry &quot; &gt;&lt;\/i&gt;\">\n[vc_column_text]<\/p>\n<div dir=\"auto\">\n<p>Nuestro lema es FRESCO FRESCO FRESCO.<\/p>\n<p>Somos una cocina de cero. Todas nuestras hamburguesas son artesanales, nunca congeladas ni procesadas.<\/p>\n<\/div>\n<div dir=\"auto\"><\/div>\n<p>[\/vc_column_text]<div class=\"mkdf-icon-list-item\" style=\"margin-bottom:15pxpx\">\n\t<div class=\"mkdf-icon-list-icon-holder\">\n        <div class=\"mkdf-icon-list-icon-holder-inner clearfix\">\n\t\t\t<i class=\"mkdf-icon-simple-line-icon icon-basket-loaded mkdf-icon-list-item-icon-elem\" style=\"color:#2e2e2e;font-size:20px\" ><\/i>\t\t<\/div>\n\t<\/div>\n\t<p > 24\/7 Delivery<\/p>\n<\/div>\n<div class=\"mkdf-icon-list-item\" style=\"margin-bottom:15pxpx\">\n\t<div class=\"mkdf-icon-list-icon-holder\">\n        <div class=\"mkdf-icon-list-icon-holder-inner clearfix\">\n\t\t\t<i class=\"mkdf-icon-simple-line-icon icon-basket mkdf-icon-list-item-icon-elem\" style=\"color:#2e2e2e;font-size:20px\" ><\/i>\t\t<\/div>\n\t<\/div>\n\t<p > Hogan\u00b4s world famouse burger<\/p>\n<\/div>\n<div class=\"mkdf-icon-list-item\" style=\"margin-bottom:15pxpx\">\n\t<div class=\"mkdf-icon-list-icon-holder\">\n        <div class=\"mkdf-icon-list-icon-holder-inner clearfix\">\n\t\t\t<i class=\"mkdf-icon-simple-line-icon icon-arrow-right-circle mkdf-icon-list-item-icon-elem\" style=\"color:#2e2e2e;font-size:20px\" ><\/i>\t\t<\/div>\n\t<\/div>\n\t<p > Takeaway<\/p>\n<\/div>\n<\/div>\t\n\n<div class=\"mkdf-tab-container\"  id=\"tab-music\" data-icon-pack=\"simple_line_icons\" data-icon-html=\"&lt;i class=&quot;mkdf-icon-simple-line-icon icon-basket &quot; &gt;&lt;\/i&gt;\">\n[vc_column_text]<\/p>\n<div dir=\"auto\">\n<p>Actualmente no realizamos eventos de m\u00fasica en vivo hasta que se relajen las medidas de distanciamiento social. Sorry!<\/p>\n<\/div>\n<div dir=\"auto\"><\/div>\n<p>[\/vc_column_text]<\/div>\t\n\n<\/div>\n[vc_empty_space height=&#8221;40px&#8221;][\/vc_column][\/vc_row][vc_row][vc_column offset=&#8221;vc_col-lg-4 vc_col-md-4&#8243;]<div class=\"mkdf-animations-holder \" >\n\t<div style=\"transition-delay: 200ms;-webkit-animation-delay: 200ms;animation-delay: 200ms\">\n\t\t[vc_single_image image=&#8221;3112&#8243; img_size=&#8221;full&#8221; alignment=&#8221;center&#8221;][vc_empty_space height=&#8221;22px&#8221;][vc_column_text]<\/p>\n<h4 id=\"tw-target-text\" class=\"tw-data-text tw-text-large XcVN5d tw-ta\" data-placeholder=\"Translation\"><strong><span lang=\"en\">BIEN UBICADO<\/span><\/strong><\/h4>\n<p>[\/vc_column_text][vc_empty_space height=&#8221;11px&#8221;][vc_column_text]Bien ubicado en la animada zona de Santa Catalina desde 1996[\/vc_column_text][vc_empty_space height=&#8221;55&#8243;]\t<\/div>\n<\/div>[\/vc_column][vc_column offset=&#8221;vc_col-lg-4 vc_col-md-4&#8243;]<div class=\"mkdf-animations-holder \" >\n\t<div style=\"transition-delay: 400ms;-webkit-animation-delay: 400ms;animation-delay: 400ms\">\n\t\t[vc_single_image image=&#8221;3129&#8243; img_size=&#8221;full&#8221; alignment=&#8221;center&#8221;][vc_empty_space height=&#8221;22px&#8221;][vc_column_text]<\/p>\n<h4>HAGAMOS &#8220;ENTREGA A DOMICILIO&#8221;<\/h4>\n<p>[\/vc_column_text][vc_empty_space height=&#8221;11px&#8221;][vc_column_text]Sin olvidar nuestras famosas alitas de pollo y nachos. \u00bfQu\u00e9 m\u00e1s puedes pedir?[\/vc_column_text][vc_empty_space height=&#8221;55&#8243;]\t<\/div>\n<\/div>[\/vc_column][vc_column offset=&#8221;vc_col-lg-4 vc_col-md-4&#8243;]<div class=\"mkdf-animations-holder \" >\n\t<div style=\"transition-delay: 600ms;-webkit-animation-delay: 600ms;animation-delay: 600ms\">\n\t\t[vc_single_image image=&#8221;3562&#8243; img_size=&#8221;full&#8221; alignment=&#8221;center&#8221;][vc_empty_space height=&#8221;22px&#8221;][vc_column_text]<\/p>\n<h4>DEPORTES VIERNES Y S\u00c1BADOS<\/h4>\n<p>[\/vc_column_text][vc_empty_space height=&#8221;11px&#8221;][vc_column_text]14 pantallas Full HD para que nunca se pierda la acci\u00f3n[\/vc_column_text][vc_empty_space height=&#8221;55&#8243;]\t<\/div>\n<\/div>[\/vc_column][\/vc_row][vc_row][vc_column][vc_empty_space][\/vc_column][\/vc_row][vc_row][vc_column][vc_empty_space][\/vc_column][\/vc_row]<\/p>\n","protected":false},"excerpt":{"rendered":"<p>[vc_row content_width=&#8221;grid&#8221; css=&#8221;.vc_custom_1607014836901{margin-top: -60px !important;margin-right: -55px !important;margin-left: -55px !important;padding-top: 10px !important;border-radius: 15px !important;}&#8221;][vc_column css=&#8221;.vc_custom_1607011557553{margin-bottom: 5px !important;}&#8221;][vc_raw_html]PHAgc3R5bGU9InRleHQtYWxpZ246IGNlbnRlcjsiPjxzcGFuIGNsYXNzPSJnbGYtYnV0dG9uIiBzdHlsZT0icGFkZGluZzogMTVweDsgZm9udC1zaXplOiAxNnB4OyBjb2xvcjojZmZkNzFiICFpbXBvcnRhbnQ7IGJhY2tncm91bmQtY29sb3I6ICMyNzU0NWUgICIgZGF0YS1nbGYtY3VpZD0iZWZjN2IyNzQtZTA1Yi00ZTkzLTg0MmYtNTQ5ZjZkMzIzMTgwIiBkYXRhLWdsZi1ydWlkPSJiYmU3ODFmNy05M2E2LTRlMTMtYjEzMy0yZjdiMzE5ODFiZTEiPiBNaXJhIGVsIG1lbnUgeSBQSURFIEFIT1JBIDwvc3Bhbj4KPHNjcmlwdCBzcmM9Imh0dHBzOi8vd3d3LmZiZ2Nkbi5jb20vZW1iZWRkZXIvanMvZXdtMi5qcyIgZGVmZXIgYXN5bmM9IiI+PC9zY3JpcHQ+[\/vc_raw_html][vc_zigzag color=&#8221;custom&#8221; el_border_width=&#8221;8&#8243; custom_color=&#8221;#27545e&#8221;][\/vc_column][\/vc_row][vc_row css=&#8221;.vc_custom_1447332311807{padding-top: 60px !important;padding-bottom: 20px !important;}&#8221;][vc_column offset=&#8221;vc_col-lg-6 vc_col-md-12&#8243;][vc_column_text] NOSOTROS [\/vc_column_text][vc_empty_space height=&#8221;15px&#8221;][vc_column_text css=&#8221;.vc_custom_1601045225822{padding-right: 3% !important;}&#8221;]El Hogan&#8217;s original se inaugur\u00f3 en septiembre de 1996 y se convirti\u00f3 en un \u00e9xito instant\u00e1neo entre la gente&#8230;<\/p>\n","protected":false},"author":1,"featured_media":0,"parent":0,"menu_order":2,"comment_status":"closed","ping_status":"closed","template":"","meta":[],"_links":{"self":[{"href":"https:\/\/hoganspalma.com\/es\/wp-json\/wp\/v2\/pages\/3777"}],"collection":[{"href":"https:\/\/hoganspalma.com\/es\/wp-json\/wp\/v2\/pages"}],"about":[{"href":"https:\/\/hoganspalma.com\/es\/wp-json\/wp\/v2\/types\/page"}],"author":[{"embeddable":true,"href":"https:\/\/hoganspalma.com\/es\/wp-json\/wp\/v2\/users\/1"}],"replies":[{"embeddable":true,"href":"https:\/\/hoganspalma.com\/es\/wp-json\/wp\/v2\/comments?post=3777"}],"version-history":[{"count":7,"href":"https:\/\/hoganspalma.com\/es\/wp-json\/wp\/v2\/pages\/3777\/revisions"}],"predecessor-version":[{"id":3865,"href":"https:\/\/hoganspalma.com\/es\/wp-json\/wp\/v2\/pages\/3777\/revisions\/3865"}],"wp:attachment":[{"href":"https:\/\/hoganspalma.com\/es\/wp-json\/wp\/v2\/media?parent=3777"}],"curies":[{"name":"wp","href":"https:\/\/api.w.org\/{rel}","templated":true}]}}