{"id":3790,"date":"2020-12-17T16:25:42","date_gmt":"2020-12-17T16:25:42","guid":{"rendered":"https:\/\/hoganspalma.com\/sports-bar\/"},"modified":"2020-12-18T12:11:21","modified_gmt":"2020-12-18T12:11:21","slug":"sports-bar","status":"publish","type":"page","link":"https:\/\/hoganspalma.com\/es\/sports-bar\/","title":{"rendered":"Sports bar"},"content":{"rendered":"<p>[vc_row content_aligment=&#8221;center&#8221; css=&#8221;.vc_custom_1606754405277{margin-top: -60px !important;margin-right: -55px !important;margin-left: -55px !important;padding-top: 15px !important;}&#8221;][vc_column css=&#8221;.vc_custom_1601289384759{margin-bottom: 5px !important;}&#8221;][vc_raw_html]PHAgc3R5bGU9InRleHQtYWxpZ246IGNlbnRlcjsiPjxzcGFuIGNsYXNzPSJnbGYtYnV0dG9uIiBzdHlsZT0icGFkZGluZzogMTVweDsgZm9udC1zaXplOiAxNnB4OyBjb2xvcjojZmZkNzFiICFpbXBvcnRhbnQ7IGJhY2tncm91bmQtY29sb3I6ICMyNzU0NWUgICIgZGF0YS1nbGYtY3VpZD0iZWZjN2IyNzQtZTA1Yi00ZTkzLTg0MmYtNTQ5ZjZkMzIzMTgwIiBkYXRhLWdsZi1ydWlkPSJiYmU3ODFmNy05M2E2LTRlMTMtYjEzMy0yZjdiMzE5ODFiZTEiPiBNaXJhIGVsIG1lbnUgeSBQSURFIEFIT1JBIDwvc3Bhbj4KPHNjcmlwdCBzcmM9Imh0dHBzOi8vd3d3LmZiZ2Nkbi5jb20vZW1iZWRkZXIvanMvZXdtMi5qcyIgZGVmZXIgYXN5bmM9IiI+PC9zY3JpcHQ+[\/vc_raw_html][vc_zigzag color=&#8221;custom&#8221; el_border_width=&#8221;8&#8243; custom_color=&#8221;#27545e&#8221;][\/vc_column][vc_column][\/vc_column][\/vc_row][vc_row content_width=&#8221;grid&#8221;][vc_column offset=&#8221;vc_col-lg-7 vc_col-md-12&#8243;][vc_empty_space height=&#8221;108px&#8221;][vc_column_text]<\/p>\r\n<h2 align=\"justify\">LO MEJOR DEL DEPORTE EN VIVO EN 14 TELEVISORES LED FULLHD DE 55 PULGADAS.<\/h2>\r\n<p>[\/vc_column_text][vc_column_text]<\/p>\r\n<p>Mostramos deportes todo el d\u00eda, todos los d\u00edas. Tenemos 14 pantallas Full HD para que nunca te pierdas la acci\u00f3n. Ofrecemos cobertura exclusiva de todos los eventos deportivos, Premier League inglesa, La Liga, Bundesliga, UEFA Champions, Eurocopa\u2026 Rugby, G.A.A, Tenis, Golf, F\u00f3rmula 1, Baloncesto y todos los dem\u00e1s eventos deportivos. Lo que quieras, solo pregunta.<\/p>\r\n<p>[\/vc_column_text][vc_empty_space height=&#8221;35px&#8221;][\/vc_column][vc_column offset=&#8221;vc_col-lg-5 vc_col-md-12&#8243;][vc_empty_space height=&#8221;108px&#8221;][vc_single_image image=&#8221;3111&#8243; img_size=&#8221;full&#8221;][vc_empty_space height=&#8221;108px&#8221;][\/vc_column][\/vc_row][vc_row][vc_column][vc_column_text]<\/p>\r\n<h2 class=\"headline__secondary\" style=\"text-align: center;\">\u00daLTIMAS NOTICIAS DEPORTIVAS<\/h2>\r\n<p>[\/vc_column_text][vc_empty_space height=&#8221;19px&#8221;][vc_column_text]<\/p>\r\n<!-- \/wp:shortcode -->\r\n<p><!-- wp:shortcode -->[\/vc_column_text]<div class=\"mkdf-blog-list-holder mkdf-boxes mkdf-four-columns\">\n\t<ul class=\"mkdf-blog-list\">\n\t<li class=\"mkdf-blog-list-item clearfix post-3875 post type-post status-publish format-standard has-post-thumbnail hentry category-deportes\">\n\t<div class=\"mkdf-blog-list-item-inner\">\n\t\t<div class=\"mkdf-item-image\">\n\t\t\t<a href=\"https:\/\/hoganspalma.com\/es\/todo-el-deporte-en-tv\/\">\n\t\t\t\t<img width=\"800\" height=\"600\" src=\"https:\/\/hoganspalma.com\/wp-content\/uploads\/2020\/09\/Hogans-Live-Music-Sports-Bar-Restaurant-17-800x600.jpeg\" class=\"attachment-portfolio-landscape size-portfolio-landscape wp-post-image\" alt=\"\" decoding=\"async\" loading=\"lazy\" \/>\t\t\t\t<span class=\"mkdf-boxes-overlay\"><\/span>\n\t\t\t<\/a>\n\t\t<\/div>\n\t\t<div class=\"mkdf-item-text-holder\">\n\t\t\t<div class=\"mkdf-item-info-section clearfix\">\n\t\t\t\t<div class=\"mkdf-post-info-date mkdf-post-info-item\">\n            <span class=\"mkdf-blog-date-icon\">\n            <i class=\"mkdf-icon-simple-line-icon icon-calender \" ><\/i>        <\/span>\n        <span class=\"mkdf-blog-date\">Dic 18, 2020<\/span>\n\n        <\/div>\t\t\t<\/div>\n\t\t\t<h4 class=\"mkdf-item-title\">\n\t\t\t<a href=\"https:\/\/hoganspalma.com\/es\/todo-el-deporte-en-tv\/\">\n\t\t\t\tTodo el deporte en TV\t\t\t<\/a>\n\t\t<\/h4>\n\n\n\t\t\t\t\t<p class=\"mkdf-excerpt\">Todos los deportes se muestran en vivo en nuestras...<\/p>\n\t\t\t<\/div>\n\t<\/div>\n<\/li><li class=\"mkdf-blog-list-item clearfix post-3892 post type-post status-publish format-standard has-post-thumbnail hentry category-deportes\">\n\t<div class=\"mkdf-blog-list-item-inner\">\n\t\t<div class=\"mkdf-item-image\">\n\t\t\t<a href=\"https:\/\/hoganspalma.com\/es\/formula-1\/\">\n\t\t\t\t<img width=\"620\" height=\"413\" src=\"https:\/\/hoganspalma.com\/wp-content\/uploads\/2015\/11\/109547721_10157232402302401_398676184799364093_n.jpg\" class=\"attachment-portfolio-landscape size-portfolio-landscape wp-post-image\" alt=\"\" decoding=\"async\" loading=\"lazy\" srcset=\"https:\/\/hoganspalma.com\/wp-content\/uploads\/2015\/11\/109547721_10157232402302401_398676184799364093_n.jpg 620w, https:\/\/hoganspalma.com\/wp-content\/uploads\/2015\/11\/109547721_10157232402302401_398676184799364093_n-300x200.jpg 300w\" sizes=\"(max-width: 620px) 100vw, 620px\" \/>\t\t\t\t<span class=\"mkdf-boxes-overlay\"><\/span>\n\t\t\t<\/a>\n\t\t<\/div>\n\t\t<div class=\"mkdf-item-text-holder\">\n\t\t\t<div class=\"mkdf-item-info-section clearfix\">\n\t\t\t\t<div class=\"mkdf-post-info-date mkdf-post-info-item\">\n            <span class=\"mkdf-blog-date-icon\">\n            <i class=\"mkdf-icon-simple-line-icon icon-calender \" ><\/i>        <\/span>\n        <span class=\"mkdf-blog-date\">Dic 18, 2020<\/span>\n\n        <\/div>\t\t\t<\/div>\n\t\t\t<h4 class=\"mkdf-item-title\">\n\t\t\t<a href=\"https:\/\/hoganspalma.com\/es\/formula-1\/\">\n\t\t\t\tFormula 1\t\t\t<\/a>\n\t\t<\/h4>\n\n\n\t\t\t\t\t<p class=\"mkdf-excerpt\">F1 &#8211; Mira la F\u00f3rmula 1 en directo...<\/p>\n\t\t\t<\/div>\n\t<\/div>\n<\/li><li class=\"mkdf-blog-list-item clearfix post-3896 post type-post status-publish format-standard has-post-thumbnail hentry category-deportes\">\n\t<div class=\"mkdf-blog-list-item-inner\">\n\t\t<div class=\"mkdf-item-image\">\n\t\t\t<a href=\"https:\/\/hoganspalma.com\/es\/super-bowl\/\">\n\t\t\t\t<img width=\"695\" height=\"477\" src=\"https:\/\/hoganspalma.com\/wp-content\/uploads\/2020\/01\/83340380_10156735530252401_4177005198876606464_n.jpg\" class=\"attachment-portfolio-landscape size-portfolio-landscape wp-post-image\" alt=\"\" decoding=\"async\" loading=\"lazy\" srcset=\"https:\/\/hoganspalma.com\/wp-content\/uploads\/2020\/01\/83340380_10156735530252401_4177005198876606464_n.jpg 695w, https:\/\/hoganspalma.com\/wp-content\/uploads\/2020\/01\/83340380_10156735530252401_4177005198876606464_n-300x206.jpg 300w\" sizes=\"(max-width: 695px) 100vw, 695px\" \/>\t\t\t\t<span class=\"mkdf-boxes-overlay\"><\/span>\n\t\t\t<\/a>\n\t\t<\/div>\n\t\t<div class=\"mkdf-item-text-holder\">\n\t\t\t<div class=\"mkdf-item-info-section clearfix\">\n\t\t\t\t<div class=\"mkdf-post-info-date mkdf-post-info-item\">\n            <span class=\"mkdf-blog-date-icon\">\n            <i class=\"mkdf-icon-simple-line-icon icon-calender \" ><\/i>        <\/span>\n        <span class=\"mkdf-blog-date\">Dic 18, 2020<\/span>\n\n        <\/div>\t\t\t<\/div>\n\t\t\t<h4 class=\"mkdf-item-title\">\n\t\t\t<a href=\"https:\/\/hoganspalma.com\/es\/super-bowl\/\">\n\t\t\t\tSuper Bowl\t\t\t<\/a>\n\t\t<\/h4>\n\n\n\t\t\t\t\t<p class=\"mkdf-excerpt\">\u00a1Ha llegado el momento tan esperado! Este domingo...<\/p>\n\t\t\t<\/div>\n\t<\/div>\n<\/li><li class=\"mkdf-blog-list-item clearfix post-3898 post type-post status-publish format-standard has-post-thumbnail hentry category-deportes category-sin-categorizar\">\n\t<div class=\"mkdf-blog-list-item-inner\">\n\t\t<div class=\"mkdf-item-image\">\n\t\t\t<a href=\"https:\/\/hoganspalma.com\/es\/temporada-2020-golf\/\">\n\t\t\t\t<img width=\"800\" height=\"600\" src=\"https:\/\/hoganspalma.com\/wp-content\/uploads\/2020\/09\/Hogans-Live-Music-Sports-Bar-Restaurant-21-1-800x600.jpeg\" class=\"attachment-portfolio-landscape size-portfolio-landscape wp-post-image\" alt=\"\" decoding=\"async\" loading=\"lazy\" \/>\t\t\t\t<span class=\"mkdf-boxes-overlay\"><\/span>\n\t\t\t<\/a>\n\t\t<\/div>\n\t\t<div class=\"mkdf-item-text-holder\">\n\t\t\t<div class=\"mkdf-item-info-section clearfix\">\n\t\t\t\t<div class=\"mkdf-post-info-date mkdf-post-info-item\">\n            <span class=\"mkdf-blog-date-icon\">\n            <i class=\"mkdf-icon-simple-line-icon icon-calender \" ><\/i>        <\/span>\n        <span class=\"mkdf-blog-date\">Dic 18, 2020<\/span>\n\n        <\/div>\t\t\t<\/div>\n\t\t\t<h4 class=\"mkdf-item-title\">\n\t\t\t<a href=\"https:\/\/hoganspalma.com\/es\/temporada-2020-golf\/\">\n\t\t\t\tTemporada 2020 Golf\t\t\t<\/a>\n\t\t<\/h4>\n\n\n\t\t\t\t\t<p class=\"mkdf-excerpt\">Golf en directo esta noche TV...<\/p>\n\t\t\t<\/div>\n\t<\/div>\n<\/li>\t<\/ul>\t\n<\/div>\n[\/vc_column][\/vc_row][vc_row][vc_column][vc_empty_space height=&#8221;35px&#8221;]<div class=\"mkdf-tabbed-gallery\">\n\t<div class=\"mkdf-container-inner clearfix\">\n\t\t\t\t\t<div class=\"mkdf-tg-title\">\n\t\t\t\t<span>Deportes, Streaming, TV en vivo<\/span>\n\t\t\t<\/div>\n\t\t\n\t\t\n\t\t\t\t\t<div class=\"mkdf-tg-btn-holder\">\n\t\t\t\t\t\t\t<\/div>\n\t\t\t<\/div>\n\n\t<div id=\"tab-tab\" data-icon-pack=\"font_awesome\" data-icon-html=\"&lt;i class=&quot;mkdf-icon-font-awesome fa fa-address-book &quot; &gt;&lt;\/i&gt;\" class=\"mkdf-tg-tab-container\">\n\t<div class=\"mkdf-tg-gallery\">\n\t\t\n\t\t\t\t\t\t\t\n\t\t\t\t<div class=\"mkdf-tg-gallery-item \">\n\t\t\t\t\t<div class=\"mkdf-tg-gallery-item-inner\">\n\t\t\t\t\t\t<a href=\"https:\/\/hoganspalma.com\/wp-content\/uploads\/2020\/09\/Hogans-Live-Music-Sports-Bar-Restaurant-15.jpeg\" data-rel=\"prettyPhoto[tabbed_gallery_tab]\">\n\t\t\t\t\t\t\t\t\t\t\t\t\t\t\t<img width=\"150\" height=\"150\" src=\"https:\/\/hoganspalma.com\/wp-content\/uploads\/2020\/09\/Hogans-Live-Music-Sports-Bar-Restaurant-15-150x150.jpeg\" class=\"attachment-thumbnail size-thumbnail\" alt=\"\" decoding=\"async\" loading=\"lazy\" srcset=\"https:\/\/hoganspalma.com\/wp-content\/uploads\/2020\/09\/Hogans-Live-Music-Sports-Bar-Restaurant-15-150x150.jpeg 150w, https:\/\/hoganspalma.com\/wp-content\/uploads\/2020\/09\/Hogans-Live-Music-Sports-Bar-Restaurant-15-550x550.jpeg 550w\" sizes=\"(max-width: 150px) 100vw, 150px\" \/>\t\t\t\t\t\t\t\t\t\t\t\t\t\t<div class=\"mkdf-tg-image-overlay\">\n\t\t\t\t\t\t\t\t<div class=\"mkdf-tg-image-overlay-tb\">\n\t\t\t\t\t\t\t\t\t<div class=\"mkdf-tg-image-overlay-tc\">\n\t\t\t\t\t\t\t\t\t\t\t\t\t\t\t\t\t\t\t<\/div>\n\t\t\t\t\t\t\t\t<\/div>\n\t\t\t\t\t\t\t<\/div>\n\t\t\t\t\t\t<\/a>\n\t\t\t\t\t<\/div>\n\t\t\t\t<\/div>\n\t\t\t\t\t\t\t\n\t\t\t\t<div class=\"mkdf-tg-gallery-item \">\n\t\t\t\t\t<div class=\"mkdf-tg-gallery-item-inner\">\n\t\t\t\t\t\t<a href=\"https:\/\/hoganspalma.com\/wp-content\/uploads\/2020\/09\/Hogans-Live-Music-Sports-Bar-Restaurant-17.jpeg\" data-rel=\"prettyPhoto[tabbed_gallery_tab]\">\n\t\t\t\t\t\t\t\t\t\t\t\t\t\t\t<img width=\"150\" height=\"150\" src=\"https:\/\/hoganspalma.com\/wp-content\/uploads\/2020\/09\/Hogans-Live-Music-Sports-Bar-Restaurant-17-150x150.jpeg\" class=\"attachment-thumbnail size-thumbnail\" alt=\"\" decoding=\"async\" loading=\"lazy\" srcset=\"https:\/\/hoganspalma.com\/wp-content\/uploads\/2020\/09\/Hogans-Live-Music-Sports-Bar-Restaurant-17-150x150.jpeg 150w, https:\/\/hoganspalma.com\/wp-content\/uploads\/2020\/09\/Hogans-Live-Music-Sports-Bar-Restaurant-17-550x550.jpeg 550w\" sizes=\"(max-width: 150px) 100vw, 150px\" \/>\t\t\t\t\t\t\t\t\t\t\t\t\t\t<div class=\"mkdf-tg-image-overlay\">\n\t\t\t\t\t\t\t\t<div class=\"mkdf-tg-image-overlay-tb\">\n\t\t\t\t\t\t\t\t\t<div class=\"mkdf-tg-image-overlay-tc\">\n\t\t\t\t\t\t\t\t\t\t\t\t\t\t\t\t\t\t\t<\/div>\n\t\t\t\t\t\t\t\t<\/div>\n\t\t\t\t\t\t\t<\/div>\n\t\t\t\t\t\t<\/a>\n\t\t\t\t\t<\/div>\n\t\t\t\t<\/div>\n\t\t\t\t\t\t\t\n\t\t\t\t<div class=\"mkdf-tg-gallery-item \">\n\t\t\t\t\t<div class=\"mkdf-tg-gallery-item-inner\">\n\t\t\t\t\t\t<a href=\"https:\/\/hoganspalma.com\/wp-content\/uploads\/2020\/09\/Hogans-Live-Music-Sports-Bar-Restaurant-19.jpeg\" data-rel=\"prettyPhoto[tabbed_gallery_tab]\">\n\t\t\t\t\t\t\t\t\t\t\t\t\t\t\t<img width=\"150\" height=\"150\" src=\"https:\/\/hoganspalma.com\/wp-content\/uploads\/2020\/09\/Hogans-Live-Music-Sports-Bar-Restaurant-19-150x150.jpeg\" class=\"attachment-thumbnail size-thumbnail\" alt=\"\" decoding=\"async\" loading=\"lazy\" srcset=\"https:\/\/hoganspalma.com\/wp-content\/uploads\/2020\/09\/Hogans-Live-Music-Sports-Bar-Restaurant-19-150x150.jpeg 150w, https:\/\/hoganspalma.com\/wp-content\/uploads\/2020\/09\/Hogans-Live-Music-Sports-Bar-Restaurant-19-550x550.jpeg 550w\" sizes=\"(max-width: 150px) 100vw, 150px\" \/>\t\t\t\t\t\t\t\t\t\t\t\t\t\t<div class=\"mkdf-tg-image-overlay\">\n\t\t\t\t\t\t\t\t<div class=\"mkdf-tg-image-overlay-tb\">\n\t\t\t\t\t\t\t\t\t<div class=\"mkdf-tg-image-overlay-tc\">\n\t\t\t\t\t\t\t\t\t\t\t\t\t\t\t\t\t\t\t<\/div>\n\t\t\t\t\t\t\t\t<\/div>\n\t\t\t\t\t\t\t<\/div>\n\t\t\t\t\t\t<\/a>\n\t\t\t\t\t<\/div>\n\t\t\t\t<\/div>\n\t\t\t\t\t\t\t\n\t\t\t\t<div class=\"mkdf-tg-gallery-item \">\n\t\t\t\t\t<div class=\"mkdf-tg-gallery-item-inner\">\n\t\t\t\t\t\t<a href=\"https:\/\/hoganspalma.com\/wp-content\/uploads\/2020\/09\/Hogans-Live-Music-Sports-Bar-Restaurant-20.jpeg\" data-rel=\"prettyPhoto[tabbed_gallery_tab]\">\n\t\t\t\t\t\t\t\t\t\t\t\t\t\t\t<img width=\"150\" height=\"150\" src=\"https:\/\/hoganspalma.com\/wp-content\/uploads\/2020\/09\/Hogans-Live-Music-Sports-Bar-Restaurant-20-150x150.jpeg\" class=\"attachment-thumbnail size-thumbnail\" alt=\"\" decoding=\"async\" loading=\"lazy\" srcset=\"https:\/\/hoganspalma.com\/wp-content\/uploads\/2020\/09\/Hogans-Live-Music-Sports-Bar-Restaurant-20-150x150.jpeg 150w, https:\/\/hoganspalma.com\/wp-content\/uploads\/2020\/09\/Hogans-Live-Music-Sports-Bar-Restaurant-20-550x550.jpeg 550w\" sizes=\"(max-width: 150px) 100vw, 150px\" \/>\t\t\t\t\t\t\t\t\t\t\t\t\t\t<div class=\"mkdf-tg-image-overlay\">\n\t\t\t\t\t\t\t\t<div class=\"mkdf-tg-image-overlay-tb\">\n\t\t\t\t\t\t\t\t\t<div class=\"mkdf-tg-image-overlay-tc\">\n\t\t\t\t\t\t\t\t\t\t\t\t\t\t\t\t\t\t\t<\/div>\n\t\t\t\t\t\t\t\t<\/div>\n\t\t\t\t\t\t\t<\/div>\n\t\t\t\t\t\t<\/a>\n\t\t\t\t\t<\/div>\n\t\t\t\t<\/div>\n\t\t\t\t\t\t\t\n\t\t\t\t<div class=\"mkdf-tg-gallery-item \">\n\t\t\t\t\t<div class=\"mkdf-tg-gallery-item-inner\">\n\t\t\t\t\t\t<a href=\"https:\/\/hoganspalma.com\/wp-content\/uploads\/2020\/09\/Hogans-Live-Music-Sports-Bar-Restaurant-21-1.jpeg\" data-rel=\"prettyPhoto[tabbed_gallery_tab]\">\n\t\t\t\t\t\t\t\t\t\t\t\t\t\t\t<img width=\"150\" height=\"150\" src=\"https:\/\/hoganspalma.com\/wp-content\/uploads\/2020\/09\/Hogans-Live-Music-Sports-Bar-Restaurant-21-1-150x150.jpeg\" class=\"attachment-thumbnail size-thumbnail\" alt=\"\" decoding=\"async\" loading=\"lazy\" srcset=\"https:\/\/hoganspalma.com\/wp-content\/uploads\/2020\/09\/Hogans-Live-Music-Sports-Bar-Restaurant-21-1-150x150.jpeg 150w, https:\/\/hoganspalma.com\/wp-content\/uploads\/2020\/09\/Hogans-Live-Music-Sports-Bar-Restaurant-21-1-550x550.jpeg 550w\" sizes=\"(max-width: 150px) 100vw, 150px\" \/>\t\t\t\t\t\t\t\t\t\t\t\t\t\t<div class=\"mkdf-tg-image-overlay\">\n\t\t\t\t\t\t\t\t<div class=\"mkdf-tg-image-overlay-tb\">\n\t\t\t\t\t\t\t\t\t<div class=\"mkdf-tg-image-overlay-tc\">\n\t\t\t\t\t\t\t\t\t\t\t\t\t\t\t\t\t\t\t<\/div>\n\t\t\t\t\t\t\t\t<\/div>\n\t\t\t\t\t\t\t<\/div>\n\t\t\t\t\t\t<\/a>\n\t\t\t\t\t<\/div>\n\t\t\t\t<\/div>\n\t\t\t\t\t\t\t\n\t\t\t\t<div class=\"mkdf-tg-gallery-item \">\n\t\t\t\t\t<div class=\"mkdf-tg-gallery-item-inner\">\n\t\t\t\t\t\t<a href=\"https:\/\/hoganspalma.com\/wp-content\/uploads\/2020\/09\/Hogans-Live-Music-Sports-Bar-Restaurant-22-1.jpeg\" data-rel=\"prettyPhoto[tabbed_gallery_tab]\">\n\t\t\t\t\t\t\t\t\t\t\t\t\t\t\t<img width=\"150\" height=\"150\" src=\"https:\/\/hoganspalma.com\/wp-content\/uploads\/2020\/09\/Hogans-Live-Music-Sports-Bar-Restaurant-22-1-150x150.jpeg\" class=\"attachment-thumbnail size-thumbnail\" alt=\"\" decoding=\"async\" loading=\"lazy\" srcset=\"https:\/\/hoganspalma.com\/wp-content\/uploads\/2020\/09\/Hogans-Live-Music-Sports-Bar-Restaurant-22-1-150x150.jpeg 150w, https:\/\/hoganspalma.com\/wp-content\/uploads\/2020\/09\/Hogans-Live-Music-Sports-Bar-Restaurant-22-1-550x550.jpeg 550w\" sizes=\"(max-width: 150px) 100vw, 150px\" \/>\t\t\t\t\t\t\t\t\t\t\t\t\t\t<div class=\"mkdf-tg-image-overlay\">\n\t\t\t\t\t\t\t\t<div class=\"mkdf-tg-image-overlay-tb\">\n\t\t\t\t\t\t\t\t\t<div class=\"mkdf-tg-image-overlay-tc\">\n\t\t\t\t\t\t\t\t\t\t\t\t\t\t\t\t\t\t\t<\/div>\n\t\t\t\t\t\t\t\t<\/div>\n\t\t\t\t\t\t\t<\/div>\n\t\t\t\t\t\t<\/a>\n\t\t\t\t\t<\/div>\n\t\t\t\t<\/div>\n\t\t\t\t\t\t<\/div>\n<\/div><\/div>[\/vc_column][\/vc_row][vc_row][vc_column][vc_empty_space]<div class=\"mkdf-carousel-holder clearfix mkdf-carousel-navigation\"><div class=\"mkdf-carousel\" data-items=\"5\" data-navigation=\"yes\"><\/div><\/div>[\/vc_column][\/vc_row]<\/p>","protected":false},"excerpt":{"rendered":"<p>[vc_row content_aligment=&#8221;center&#8221; css=&#8221;.vc_custom_1606754405277{margin-top: -60px !important;margin-right: -55px !important;margin-left: -55px !important;padding-top: 15px !important;}&#8221;][vc_column css=&#8221;.vc_custom_1601289384759{margin-bottom: 5px !important;}&#8221;][vc_raw_html]PHAgc3R5bGU9InRleHQtYWxpZ246IGNlbnRlcjsiPjxzcGFuIGNsYXNzPSJnbGYtYnV0dG9uIiBzdHlsZT0icGFkZGluZzogMTVweDsgZm9udC1zaXplOiAxNnB4OyBjb2xvcjojZmZkNzFiICFpbXBvcnRhbnQ7IGJhY2tncm91bmQtY29sb3I6ICMyNzU0NWUgICIgZGF0YS1nbGYtY3VpZD0iZWZjN2IyNzQtZTA1Yi00ZTkzLTg0MmYtNTQ5ZjZkMzIzMTgwIiBkYXRhLWdsZi1ydWlkPSJiYmU3ODFmNy05M2E2LTRlMTMtYjEzMy0yZjdiMzE5ODFiZTEiPiBNaXJhIGVsIG1lbnUgeSBQSURFIEFIT1JBIDwvc3Bhbj4KPHNjcmlwdCBzcmM9Imh0dHBzOi8vd3d3LmZiZ2Nkbi5jb20vZW1iZWRkZXIvanMvZXdtMi5qcyIgZGVmZXIgYXN5bmM9IiI+PC9zY3JpcHQ+[\/vc_raw_html][vc_zigzag color=&#8221;custom&#8221; el_border_width=&#8221;8&#8243; custom_color=&#8221;#27545e&#8221;][\/vc_column][vc_column][\/vc_column][\/vc_row][vc_row content_width=&#8221;grid&#8221;][vc_column offset=&#8221;vc_col-lg-7 vc_col-md-12&#8243;][vc_empty_space height=&#8221;108px&#8221;][vc_column_text] LO MEJOR DEL DEPORTE EN VIVO EN 14 TELEVISORES LED FULLHD DE 55 PULGADAS. [\/vc_column_text][vc_column_text] Mostramos deportes todo el d\u00eda, todos los d\u00edas. Tenemos 14 pantallas Full HD para&#8230;<\/p>\n","protected":false},"author":1,"featured_media":0,"parent":0,"menu_order":10,"comment_status":"closed","ping_status":"closed","template":"","meta":[],"_links":{"self":[{"href":"https:\/\/hoganspalma.com\/es\/wp-json\/wp\/v2\/pages\/3790"}],"collection":[{"href":"https:\/\/hoganspalma.com\/es\/wp-json\/wp\/v2\/pages"}],"about":[{"href":"https:\/\/hoganspalma.com\/es\/wp-json\/wp\/v2\/types\/page"}],"author":[{"embeddable":true,"href":"https:\/\/hoganspalma.com\/es\/wp-json\/wp\/v2\/users\/1"}],"replies":[{"embeddable":true,"href":"https:\/\/hoganspalma.com\/es\/wp-json\/wp\/v2\/comments?post=3790"}],"version-history":[{"count":14,"href":"https:\/\/hoganspalma.com\/es\/wp-json\/wp\/v2\/pages\/3790\/revisions"}],"predecessor-version":[{"id":4311,"href":"https:\/\/hoganspalma.com\/es\/wp-json\/wp\/v2\/pages\/3790\/revisions\/4311"}],"wp:attachment":[{"href":"https:\/\/hoganspalma.com\/es\/wp-json\/wp\/v2\/media?parent=3790"}],"curies":[{"name":"wp","href":"https:\/\/api.w.org\/{rel}","templated":true}]}}