{"id":3802,"date":"2020-12-17T16:27:46","date_gmt":"2020-12-17T16:27:46","guid":{"rendered":"https:\/\/hoganspalma.com\/musica-en-vivo\/"},"modified":"2022-08-24T14:19:13","modified_gmt":"2022-08-24T14:19:13","slug":"musica-en-vivo","status":"publish","type":"page","link":"https:\/\/hoganspalma.com\/es\/musica-en-vivo\/","title":{"rendered":"Musica en Vivo"},"content":{"rendered":"<p>[vc_row header_style=&#8221;mkdf-dark-header&#8221; content_aligment=&#8221;center&#8221; css=&#8221;.vc_custom_1606754279802{margin-top: -60px !important;margin-right: -60px !important;margin-bottom: -60px !important;margin-left: -60px !important;padding-top: 15px !important;padding-right: 15px !important;padding-bottom: 15px !important;padding-left: 15px !important;}&#8221;][vc_column css=&#8221;.vc_custom_1606754004204{margin-bottom: 5px !important;}&#8221;][vc_raw_html]PHAgc3R5bGU9InRleHQtYWxpZ246IGNlbnRlcjsiPjxzcGFuIGNsYXNzPSJnbGYtYnV0dG9uIiBzdHlsZT0icGFkZGluZzogMTVweDsgZm9udC1zaXplOiAxNnB4OyBjb2xvcjojZmZkNzFiICFpbXBvcnRhbnQ7IGJhY2tncm91bmQtY29sb3I6ICMyNzU0NWUgICIgZGF0YS1nbGYtY3VpZD0iZWZjN2IyNzQtZTA1Yi00ZTkzLTg0MmYtNTQ5ZjZkMzIzMTgwIiBkYXRhLWdsZi1ydWlkPSJiYmU3ODFmNy05M2E2LTRlMTMtYjEzMy0yZjdiMzE5ODFiZTEiPiBNaXJhIGVsIG1lbnUgeSBQSURFIEFIT1JBIDwvc3Bhbj4KPHNjcmlwdCBzcmM9Imh0dHBzOi8vd3d3LmZiZ2Nkbi5jb20vZW1iZWRkZXIvanMvZXdtMi5qcyIgZGVmZXIgYXN5bmM9IiI+PC9zY3JpcHQ+[\/vc_raw_html][vc_zigzag color=&#8221;custom&#8221; el_border_width=&#8221;8&#8243; custom_color=&#8221;#27545e&#8221;][\/vc_column][\/vc_row][vc_row content_width=&#8221;grid&#8221;][vc_column width=&#8221;1\/2&#8243; offset=&#8221;vc_col-lg-7 vc_col-md-12&#8243;][vc_column_text]<\/p>\r\n<h2 class=\"headline__secondary\">M\u00fasica en directo<br \/>Viernes &amp; S\u00e1bados de las 23h30 hasta tarde!<\/h2>\r\n<p>[\/vc_column_text][vc_column_text]<\/p>\r\n<p>Todos los viernes y s\u00e1bados Festejamos. Desde las 23.30 hasta\u00a0 tarde. Desde Rock hasta la \u00faltima m\u00fasica de las listas. Si buscas una gran noche en la ciudad, Hogans es la opci\u00f3n n\u00famero 1 en Palma. \u00a1Una leyenda local y diversi\u00f3n nocturna!<\/p>\r\n<p>[\/vc_column_text][vc_empty_space height=&#8221;35px&#8221;][\/vc_column][vc_column width=&#8221;1\/2&#8243; offset=&#8221;vc_col-lg-5 vc_col-md-12&#8243;][vc_video link=&#8221;https:\/\/www.youtube.com\/watch?v=p8vyzLh4Y-8&amp;feature=emb_title&#8221;][vc_empty_space height=&#8221;108px&#8221;][\/vc_column][\/vc_row][vc_row][vc_column][vc_column_text]<\/p>\r\n<h2 class=\"headline__secondary\" style=\"text-align: center;\">\u00daLTIMAS NOTICIAS DE M\u00daSICA EN VIVO<\/h2>\r\n<p>[\/vc_column_text][vc_empty_space height=&#8221;19px&#8221;][vc_column_text]<\/p>\r\n<!-- \/wp:shortcode -->\r\n<p><!-- wp:shortcode -->[\/vc_column_text]<div class=\"mkdf-blog-list-holder mkdf-boxes mkdf-four-columns\">\n\t<ul class=\"mkdf-blog-list\">\n\t<li class=\"mkdf-blog-list-item clearfix post-3918 post type-post status-publish format-standard has-post-thumbnail hentry category-musica-en-vivo\">\n\t<div class=\"mkdf-blog-list-item-inner\">\n\t\t<div class=\"mkdf-item-image\">\n\t\t\t<a href=\"https:\/\/hoganspalma.com\/es\/the-hogans-watermelon-party\/\">\n\t\t\t\t<img width=\"679\" height=\"600\" src=\"https:\/\/hoganspalma.com\/wp-content\/uploads\/2020\/09\/29468882_10155242699707401_451600581220368384_o-679x600.jpg\" class=\"attachment-portfolio-landscape size-portfolio-landscape wp-post-image\" alt=\"\" decoding=\"async\" loading=\"lazy\" \/>\t\t\t\t<span class=\"mkdf-boxes-overlay\"><\/span>\n\t\t\t<\/a>\n\t\t<\/div>\n\t\t<div class=\"mkdf-item-text-holder\">\n\t\t\t<div class=\"mkdf-item-info-section clearfix\">\n\t\t\t\t<div class=\"mkdf-post-info-date mkdf-post-info-item\">\n            <span class=\"mkdf-blog-date-icon\">\n            <i class=\"mkdf-icon-simple-line-icon icon-calender \" ><\/i>        <\/span>\n        <span class=\"mkdf-blog-date\">Mar 30, 2018<\/span>\n\n        <\/div>\t\t\t<\/div>\n\t\t\t<h4 class=\"mkdf-item-title\">\n\t\t\t<a href=\"https:\/\/hoganspalma.com\/es\/the-hogans-watermelon-party\/\">\n\t\t\t\tThe Hogan&#8217;s Watermelon Party\t\t\t<\/a>\n\t\t<\/h4>\n\n\n\t\t\t\t\t<p class=\"mkdf-excerpt\">\u00a1Esta Semana Santa tenemos fiesta de la buena en&amp;...<\/p>\n\t\t\t<\/div>\n\t<\/div>\n<\/li><li class=\"mkdf-blog-list-item clearfix post-3871 post type-post status-publish format-standard has-post-thumbnail hentry category-musica-en-vivo\">\n\t<div class=\"mkdf-blog-list-item-inner\">\n\t\t<div class=\"mkdf-item-image\">\n\t\t\t<a href=\"https:\/\/hoganspalma.com\/es\/musica-en-directo\/\">\n\t\t\t\t<img width=\"800\" height=\"600\" src=\"https:\/\/hoganspalma.com\/wp-content\/uploads\/2020\/09\/irish-pub-live-music-burguer-bar-sports-bar-palma-de-mallorca-hogans-pub-live-music-3-1024x683-1-800x600.jpg\" class=\"attachment-portfolio-landscape size-portfolio-landscape wp-post-image\" alt=\"\" decoding=\"async\" loading=\"lazy\" \/>\t\t\t\t<span class=\"mkdf-boxes-overlay\"><\/span>\n\t\t\t<\/a>\n\t\t<\/div>\n\t\t<div class=\"mkdf-item-text-holder\">\n\t\t\t<div class=\"mkdf-item-info-section clearfix\">\n\t\t\t\t<div class=\"mkdf-post-info-date mkdf-post-info-item\">\n            <span class=\"mkdf-blog-date-icon\">\n            <i class=\"mkdf-icon-simple-line-icon icon-calender \" ><\/i>        <\/span>\n        <span class=\"mkdf-blog-date\">Dic 18, 2020<\/span>\n\n        <\/div>\t\t\t<\/div>\n\t\t\t<h4 class=\"mkdf-item-title\">\n\t\t\t<a href=\"https:\/\/hoganspalma.com\/es\/musica-en-directo\/\">\n\t\t\t\tmusica en directo\t\t\t<\/a>\n\t\t<\/h4>\n\n\n\t\t\t\t\t<p class=\"mkdf-excerpt\">Actualmente no realizamos eventos de m\u00fasica en vi...<\/p>\n\t\t\t<\/div>\n\t<\/div>\n<\/li><li class=\"mkdf-blog-list-item clearfix post-3879 post type-post status-publish format-standard has-post-thumbnail hentry category-musica-en-vivo\">\n\t<div class=\"mkdf-blog-list-item-inner\">\n\t\t<div class=\"mkdf-item-image\">\n\t\t\t<a href=\"https:\/\/hoganspalma.com\/es\/musica-en-vico-en-hogans\/\">\n\t\t\t\t<img width=\"800\" height=\"600\" src=\"https:\/\/hoganspalma.com\/wp-content\/uploads\/2020\/09\/irish-pub-live-music-burguer-bar-sports-bar-palma-de-mallorca-hogans-pub-live-music-3-1024x683-1-800x600.jpg\" class=\"attachment-portfolio-landscape size-portfolio-landscape wp-post-image\" alt=\"\" decoding=\"async\" loading=\"lazy\" \/>\t\t\t\t<span class=\"mkdf-boxes-overlay\"><\/span>\n\t\t\t<\/a>\n\t\t<\/div>\n\t\t<div class=\"mkdf-item-text-holder\">\n\t\t\t<div class=\"mkdf-item-info-section clearfix\">\n\t\t\t\t<div class=\"mkdf-post-info-date mkdf-post-info-item\">\n            <span class=\"mkdf-blog-date-icon\">\n            <i class=\"mkdf-icon-simple-line-icon icon-calender \" ><\/i>        <\/span>\n        <span class=\"mkdf-blog-date\">Dic 18, 2020<\/span>\n\n        <\/div>\t\t\t<\/div>\n\t\t\t<h4 class=\"mkdf-item-title\">\n\t\t\t<a href=\"https:\/\/hoganspalma.com\/es\/musica-en-vico-en-hogans\/\">\n\t\t\t\tMusica en vico en Hogan\u00b4s\t\t\t<\/a>\n\t\t<\/h4>\n\n\n\t\t\t\t\t<p class=\"mkdf-excerpt\">Ahhhh los viernes Te esperamos a partir de las 19:...<\/p>\n\t\t\t<\/div>\n\t<\/div>\n<\/li><li class=\"mkdf-blog-list-item clearfix post-3883 post type-post status-publish format-standard has-post-thumbnail hentry category-musica-en-vivo\">\n\t<div class=\"mkdf-blog-list-item-inner\">\n\t\t<div class=\"mkdf-item-image\">\n\t\t\t<a href=\"https:\/\/hoganspalma.com\/es\/viernes-y-sabados-de-banda-local\/\">\n\t\t\t\t<img width=\"800\" height=\"600\" src=\"https:\/\/hoganspalma.com\/wp-content\/uploads\/2020\/09\/Hogans-Live-Music-Sports-Bar-Restaurant-16-800x600.jpeg\" class=\"attachment-portfolio-landscape size-portfolio-landscape wp-post-image\" alt=\"\" decoding=\"async\" loading=\"lazy\" \/>\t\t\t\t<span class=\"mkdf-boxes-overlay\"><\/span>\n\t\t\t<\/a>\n\t\t<\/div>\n\t\t<div class=\"mkdf-item-text-holder\">\n\t\t\t<div class=\"mkdf-item-info-section clearfix\">\n\t\t\t\t<div class=\"mkdf-post-info-date mkdf-post-info-item\">\n            <span class=\"mkdf-blog-date-icon\">\n            <i class=\"mkdf-icon-simple-line-icon icon-calender \" ><\/i>        <\/span>\n        <span class=\"mkdf-blog-date\">Dic 18, 2020<\/span>\n\n        <\/div>\t\t\t<\/div>\n\t\t\t<h4 class=\"mkdf-item-title\">\n\t\t\t<a href=\"https:\/\/hoganspalma.com\/es\/viernes-y-sabados-de-banda-local\/\">\n\t\t\t\tViernes y s\u00e1bados de banda local\t\t\t<\/a>\n\t\t<\/h4>\n\n\n\t\t\t\t\t<p class=\"mkdf-excerpt\">\u00a1Empezamos temprano este fin de semana! Y nos que...<\/p>\n\t\t\t<\/div>\n\t<\/div>\n<\/li>\t<\/ul>\t\n<\/div>\n[\/vc_column][\/vc_row][vc_row][vc_column][vc_empty_space height=&#8221;35px&#8221;]<div class=\"mkdf-tabbed-gallery\">\n\t<div class=\"mkdf-container-inner clearfix\">\n\t\t\n\t\t\n\t\t\t\t\t<div class=\"mkdf-tg-btn-holder\">\n\t\t\t\t\t\t\t<\/div>\n\t\t\t<\/div>\n\n\t<div id=\"tab-tab\"  class=\"mkdf-tg-tab-container\">\n\t<div class=\"mkdf-tg-gallery\">\n\t\t\n\t\t\t\t\t\t\t\n\t\t\t\t<div class=\"mkdf-tg-gallery-item mkdf-tg-hover\">\n\t\t\t\t\t<div class=\"mkdf-tg-gallery-item-inner\">\n\t\t\t\t\t\t<a href=\"https:\/\/hoganspalma.com\/wp-content\/uploads\/2020\/09\/irish-pub-live-music-burguer-bar-sports-bar-palma-de-mallorca-hogans-pub-live-music-4-1024x683-1.jpg\" data-rel=\"prettyPhoto[tabbed_gallery_tab]\">\n\t\t\t\t\t\t\t\t\t\t\t\t\t\t\t<img width=\"150\" height=\"150\" src=\"https:\/\/hoganspalma.com\/wp-content\/uploads\/2020\/09\/irish-pub-live-music-burguer-bar-sports-bar-palma-de-mallorca-hogans-pub-live-music-4-1024x683-1-150x150.jpg\" class=\"attachment-thumbnail size-thumbnail\" alt=\"\" decoding=\"async\" loading=\"lazy\" srcset=\"https:\/\/hoganspalma.com\/wp-content\/uploads\/2020\/09\/irish-pub-live-music-burguer-bar-sports-bar-palma-de-mallorca-hogans-pub-live-music-4-1024x683-1-150x150.jpg 150w, https:\/\/hoganspalma.com\/wp-content\/uploads\/2020\/09\/irish-pub-live-music-burguer-bar-sports-bar-palma-de-mallorca-hogans-pub-live-music-4-1024x683-1-550x550.jpg 550w\" sizes=\"(max-width: 150px) 100vw, 150px\" \/>\t\t\t\t\t\t\t\t\t\t\t\t\t\t<div class=\"mkdf-tg-image-overlay\">\n\t\t\t\t\t\t\t\t<div class=\"mkdf-tg-image-overlay-tb\">\n\t\t\t\t\t\t\t\t\t<div class=\"mkdf-tg-image-overlay-tc\">\n\t\t\t\t\t\t\t\t\t\t\t\t\t\t\t\t\t\t\t\t\t<h3 class=\"mkdf-tg-image-caption\">irish-pub-live-music-burguer-bar-sports-bar-palma-de-mallorca-hogans-pub-live-music-4-1024&#215;683<\/h3>\n\t\t\t\t\t\t\t\t\t\t\t\t\t\t\t\t\t\t\t<\/div>\n\t\t\t\t\t\t\t\t<\/div>\n\t\t\t\t\t\t\t<\/div>\n\t\t\t\t\t\t<\/a>\n\t\t\t\t\t<\/div>\n\t\t\t\t<\/div>\n\t\t\t\t\t\t\t\n\t\t\t\t<div class=\"mkdf-tg-gallery-item \">\n\t\t\t\t\t<div class=\"mkdf-tg-gallery-item-inner\">\n\t\t\t\t\t\t<a href=\"https:\/\/hoganspalma.com\/wp-content\/uploads\/2020\/09\/Hogans-Live-Music-Sports-Bar-Restaurant-23.jpeg\" data-rel=\"prettyPhoto[tabbed_gallery_tab]\">\n\t\t\t\t\t\t\t\t\t\t\t\t\t\t\t<img width=\"150\" height=\"150\" src=\"https:\/\/hoganspalma.com\/wp-content\/uploads\/2020\/09\/Hogans-Live-Music-Sports-Bar-Restaurant-23-150x150.jpeg\" class=\"attachment-thumbnail size-thumbnail\" alt=\"\" decoding=\"async\" loading=\"lazy\" srcset=\"https:\/\/hoganspalma.com\/wp-content\/uploads\/2020\/09\/Hogans-Live-Music-Sports-Bar-Restaurant-23-150x150.jpeg 150w, https:\/\/hoganspalma.com\/wp-content\/uploads\/2020\/09\/Hogans-Live-Music-Sports-Bar-Restaurant-23-550x550.jpeg 550w\" sizes=\"(max-width: 150px) 100vw, 150px\" \/>\t\t\t\t\t\t\t\t\t\t\t\t\t\t<div class=\"mkdf-tg-image-overlay\">\n\t\t\t\t\t\t\t\t<div class=\"mkdf-tg-image-overlay-tb\">\n\t\t\t\t\t\t\t\t\t<div class=\"mkdf-tg-image-overlay-tc\">\n\t\t\t\t\t\t\t\t\t\t\t\t\t\t\t\t\t\t\t<\/div>\n\t\t\t\t\t\t\t\t<\/div>\n\t\t\t\t\t\t\t<\/div>\n\t\t\t\t\t\t<\/a>\n\t\t\t\t\t<\/div>\n\t\t\t\t<\/div>\n\t\t\t\t\t\t\t\n\t\t\t\t<div class=\"mkdf-tg-gallery-item \">\n\t\t\t\t\t<div class=\"mkdf-tg-gallery-item-inner\">\n\t\t\t\t\t\t<a href=\"https:\/\/hoganspalma.com\/wp-content\/uploads\/2020\/09\/Hogans-Live-Music-Sports-Bar-Restaurant-22.jpeg\" data-rel=\"prettyPhoto[tabbed_gallery_tab]\">\n\t\t\t\t\t\t\t\t\t\t\t\t\t\t\t<img width=\"150\" height=\"150\" src=\"https:\/\/hoganspalma.com\/wp-content\/uploads\/2020\/09\/Hogans-Live-Music-Sports-Bar-Restaurant-22-150x150.jpeg\" class=\"attachment-thumbnail size-thumbnail\" alt=\"\" decoding=\"async\" loading=\"lazy\" srcset=\"https:\/\/hoganspalma.com\/wp-content\/uploads\/2020\/09\/Hogans-Live-Music-Sports-Bar-Restaurant-22-150x150.jpeg 150w, https:\/\/hoganspalma.com\/wp-content\/uploads\/2020\/09\/Hogans-Live-Music-Sports-Bar-Restaurant-22-550x550.jpeg 550w\" sizes=\"(max-width: 150px) 100vw, 150px\" \/>\t\t\t\t\t\t\t\t\t\t\t\t\t\t<div class=\"mkdf-tg-image-overlay\">\n\t\t\t\t\t\t\t\t<div class=\"mkdf-tg-image-overlay-tb\">\n\t\t\t\t\t\t\t\t\t<div class=\"mkdf-tg-image-overlay-tc\">\n\t\t\t\t\t\t\t\t\t\t\t\t\t\t\t\t\t\t\t<\/div>\n\t\t\t\t\t\t\t\t<\/div>\n\t\t\t\t\t\t\t<\/div>\n\t\t\t\t\t\t<\/a>\n\t\t\t\t\t<\/div>\n\t\t\t\t<\/div>\n\t\t\t\t\t\t\t\n\t\t\t\t<div class=\"mkdf-tg-gallery-item \">\n\t\t\t\t\t<div class=\"mkdf-tg-gallery-item-inner\">\n\t\t\t\t\t\t<a href=\"https:\/\/hoganspalma.com\/wp-content\/uploads\/2020\/09\/Hogans-Live-Music-Sports-Bar-Restaurant-16.jpeg\" data-rel=\"prettyPhoto[tabbed_gallery_tab]\">\n\t\t\t\t\t\t\t\t\t\t\t\t\t\t\t<img width=\"150\" height=\"150\" src=\"https:\/\/hoganspalma.com\/wp-content\/uploads\/2020\/09\/Hogans-Live-Music-Sports-Bar-Restaurant-16-150x150.jpeg\" class=\"attachment-thumbnail size-thumbnail\" alt=\"\" decoding=\"async\" loading=\"lazy\" srcset=\"https:\/\/hoganspalma.com\/wp-content\/uploads\/2020\/09\/Hogans-Live-Music-Sports-Bar-Restaurant-16-150x150.jpeg 150w, https:\/\/hoganspalma.com\/wp-content\/uploads\/2020\/09\/Hogans-Live-Music-Sports-Bar-Restaurant-16-550x550.jpeg 550w\" sizes=\"(max-width: 150px) 100vw, 150px\" \/>\t\t\t\t\t\t\t\t\t\t\t\t\t\t<div class=\"mkdf-tg-image-overlay\">\n\t\t\t\t\t\t\t\t<div class=\"mkdf-tg-image-overlay-tb\">\n\t\t\t\t\t\t\t\t\t<div class=\"mkdf-tg-image-overlay-tc\">\n\t\t\t\t\t\t\t\t\t\t\t\t\t\t\t\t\t\t\t<\/div>\n\t\t\t\t\t\t\t\t<\/div>\n\t\t\t\t\t\t\t<\/div>\n\t\t\t\t\t\t<\/a>\n\t\t\t\t\t<\/div>\n\t\t\t\t<\/div>\n\t\t\t\t\t\t\t\n\t\t\t\t<div class=\"mkdf-tg-gallery-item \">\n\t\t\t\t\t<div class=\"mkdf-tg-gallery-item-inner\">\n\t\t\t\t\t\t<a href=\"https:\/\/hoganspalma.com\/wp-content\/uploads\/2020\/09\/Hogans-Live-Music-Sports-Bar-Restaurant-21.jpeg\" data-rel=\"prettyPhoto[tabbed_gallery_tab]\">\n\t\t\t\t\t\t\t\t\t\t\t\t\t\t\t<img width=\"150\" height=\"150\" src=\"https:\/\/hoganspalma.com\/wp-content\/uploads\/2020\/09\/Hogans-Live-Music-Sports-Bar-Restaurant-21-150x150.jpeg\" class=\"attachment-thumbnail size-thumbnail\" alt=\"\" decoding=\"async\" loading=\"lazy\" srcset=\"https:\/\/hoganspalma.com\/wp-content\/uploads\/2020\/09\/Hogans-Live-Music-Sports-Bar-Restaurant-21-150x150.jpeg 150w, https:\/\/hoganspalma.com\/wp-content\/uploads\/2020\/09\/Hogans-Live-Music-Sports-Bar-Restaurant-21-550x550.jpeg 550w\" sizes=\"(max-width: 150px) 100vw, 150px\" \/>\t\t\t\t\t\t\t\t\t\t\t\t\t\t<div class=\"mkdf-tg-image-overlay\">\n\t\t\t\t\t\t\t\t<div class=\"mkdf-tg-image-overlay-tb\">\n\t\t\t\t\t\t\t\t\t<div class=\"mkdf-tg-image-overlay-tc\">\n\t\t\t\t\t\t\t\t\t\t\t\t\t\t\t\t\t\t\t<\/div>\n\t\t\t\t\t\t\t\t<\/div>\n\t\t\t\t\t\t\t<\/div>\n\t\t\t\t\t\t<\/a>\n\t\t\t\t\t<\/div>\n\t\t\t\t<\/div>\n\t\t\t\t\t\t<\/div>\n<\/div><\/div>[\/vc_column][\/vc_row][vc_row][vc_column][vc_empty_space height=&#8221;35px&#8221;]<div class=\"mkdf-carousel-holder clearfix mkdf-carousel-navigation\"><div class=\"mkdf-carousel\" data-items=\"5\" data-navigation=\"yes\"><div class=\"mkdf-carousel-item-outer-holder \"><div class=\"mkdf-carousel-item-holder\">\n\t\t\t\t\t\t<span class=\"mkdf-carousel-first-image-holder  mkdf-image-zoom\">\n\t\t\t\t\t\t\t<\/span>\n\t\t\t\t\t<\/div><\/div><div class=\"mkdf-carousel-item-outer-holder \"><div class=\"mkdf-carousel-item-holder\">\n\t\t\t\t\t\t<span class=\"mkdf-carousel-first-image-holder  mkdf-image-zoom\">\n\t\t\t\t<img width=\"350\" height=\"495\" src=\"https:\/\/hoganspalma.com\/wp-content\/uploads\/2020\/09\/black-note-sign-musical-note-sheet-music-musical-notation-eighth-note-music-notes-png-clip-art-thumbnail.png\" class=\"attachment-full size-full\" alt=\"\" decoding=\"async\" loading=\"lazy\" srcset=\"https:\/\/hoganspalma.com\/wp-content\/uploads\/2020\/09\/black-note-sign-musical-note-sheet-music-musical-notation-eighth-note-music-notes-png-clip-art-thumbnail.png 350w, https:\/\/hoganspalma.com\/wp-content\/uploads\/2020\/09\/black-note-sign-musical-note-sheet-music-musical-notation-eighth-note-music-notes-png-clip-art-thumbnail-212x300.png 212w\" sizes=\"(max-width: 350px) 100vw, 350px\" \/>\t\t\t<\/span>\n\t\t\t\t\t<\/div><\/div><div class=\"mkdf-carousel-item-outer-holder \"><div class=\"mkdf-carousel-item-holder\">\n\t\t\t\t\t\t<span class=\"mkdf-carousel-first-image-holder  mkdf-image-zoom\">\n\t\t\t\t<img width=\"350\" height=\"350\" src=\"https:\/\/hoganspalma.com\/wp-content\/uploads\/2020\/09\/music-icon-png-clip-art-thumbnail.png\" class=\"attachment-full size-full\" alt=\"\" decoding=\"async\" loading=\"lazy\" srcset=\"https:\/\/hoganspalma.com\/wp-content\/uploads\/2020\/09\/music-icon-png-clip-art-thumbnail.png 350w, https:\/\/hoganspalma.com\/wp-content\/uploads\/2020\/09\/music-icon-png-clip-art-thumbnail-300x300.png 300w, https:\/\/hoganspalma.com\/wp-content\/uploads\/2020\/09\/music-icon-png-clip-art-thumbnail-150x150.png 150w\" sizes=\"(max-width: 350px) 100vw, 350px\" \/>\t\t\t<\/span>\n\t\t\t\t\t<\/div><\/div><div class=\"mkdf-carousel-item-outer-holder \"><div class=\"mkdf-carousel-item-holder\">\n\t\t\t\t\t\t<span class=\"mkdf-carousel-first-image-holder  mkdf-image-zoom\">\n\t\t\t\t<img width=\"350\" height=\"263\" src=\"https:\/\/hoganspalma.com\/wp-content\/uploads\/2020\/09\/subwoofer-speaker-and-electric-guitar-animated-photo-png-clip-art-thumbnail.png\" class=\"attachment-full size-full\" alt=\"\" decoding=\"async\" loading=\"lazy\" srcset=\"https:\/\/hoganspalma.com\/wp-content\/uploads\/2020\/09\/subwoofer-speaker-and-electric-guitar-animated-photo-png-clip-art-thumbnail.png 350w, https:\/\/hoganspalma.com\/wp-content\/uploads\/2020\/09\/subwoofer-speaker-and-electric-guitar-animated-photo-png-clip-art-thumbnail-300x225.png 300w\" sizes=\"(max-width: 350px) 100vw, 350px\" \/>\t\t\t<\/span>\n\t\t\t\t\t<\/div><\/div><div class=\"mkdf-carousel-item-outer-holder \"><div class=\"mkdf-carousel-item-holder\">\n\t\t\t\t\t\t<span class=\"mkdf-carousel-first-image-holder  mkdf-image-zoom\">\n\t\t\t\t\t\t\t<\/span>\n\t\t\t\t\t<\/div><\/div><\/div><\/div>[vc_empty_space height=&#8221;35px&#8221;][\/vc_column][\/vc_row]<\/p>","protected":false},"excerpt":{"rendered":"<p>[vc_row header_style=&#8221;mkdf-dark-header&#8221; content_aligment=&#8221;center&#8221; css=&#8221;.vc_custom_1606754279802{margin-top: -60px !important;margin-right: -60px !important;margin-bottom: -60px !important;margin-left: -60px !important;padding-top: 15px !important;padding-right: 15px !important;padding-bottom: 15px !important;padding-left: 15px !important;}&#8221;][vc_column css=&#8221;.vc_custom_1606754004204{margin-bottom: 5px !important;}&#8221;][vc_raw_html]PHAgc3R5bGU9InRleHQtYWxpZ246IGNlbnRlcjsiPjxzcGFuIGNsYXNzPSJnbGYtYnV0dG9uIiBzdHlsZT0icGFkZGluZzogMTVweDsgZm9udC1zaXplOiAxNnB4OyBjb2xvcjojZmZkNzFiICFpbXBvcnRhbnQ7IGJhY2tncm91bmQtY29sb3I6ICMyNzU0NWUgICIgZGF0YS1nbGYtY3VpZD0iZWZjN2IyNzQtZTA1Yi00ZTkzLTg0MmYtNTQ5ZjZkMzIzMTgwIiBkYXRhLWdsZi1ydWlkPSJiYmU3ODFmNy05M2E2LTRlMTMtYjEzMy0yZjdiMzE5ODFiZTEiPiBNaXJhIGVsIG1lbnUgeSBQSURFIEFIT1JBIDwvc3Bhbj4KPHNjcmlwdCBzcmM9Imh0dHBzOi8vd3d3LmZiZ2Nkbi5jb20vZW1iZWRkZXIvanMvZXdtMi5qcyIgZGVmZXIgYXN5bmM9IiI+PC9zY3JpcHQ+[\/vc_raw_html][vc_zigzag color=&#8221;custom&#8221; el_border_width=&#8221;8&#8243; custom_color=&#8221;#27545e&#8221;][\/vc_column][\/vc_row][vc_row content_width=&#8221;grid&#8221;][vc_column width=&#8221;1\/2&#8243; offset=&#8221;vc_col-lg-7 vc_col-md-12&#8243;][vc_column_text] M\u00fasica en directoViernes &amp; S\u00e1bados de las 23h30 hasta tarde! [\/vc_column_text][vc_column_text] Todos los viernes y s\u00e1bados Festejamos. Desde las 23.30&#8230;<\/p>\n","protected":false},"author":1,"featured_media":0,"parent":0,"menu_order":30,"comment_status":"closed","ping_status":"closed","template":"","meta":[],"_links":{"self":[{"href":"https:\/\/hoganspalma.com\/es\/wp-json\/wp\/v2\/pages\/3802"}],"collection":[{"href":"https:\/\/hoganspalma.com\/es\/wp-json\/wp\/v2\/pages"}],"about":[{"href":"https:\/\/hoganspalma.com\/es\/wp-json\/wp\/v2\/types\/page"}],"author":[{"embeddable":true,"href":"https:\/\/hoganspalma.com\/es\/wp-json\/wp\/v2\/users\/1"}],"replies":[{"embeddable":true,"href":"https:\/\/hoganspalma.com\/es\/wp-json\/wp\/v2\/comments?post=3802"}],"version-history":[{"count":11,"href":"https:\/\/hoganspalma.com\/es\/wp-json\/wp\/v2\/pages\/3802\/revisions"}],"predecessor-version":[{"id":4375,"href":"https:\/\/hoganspalma.com\/es\/wp-json\/wp\/v2\/pages\/3802\/revisions\/4375"}],"wp:attachment":[{"href":"https:\/\/hoganspalma.com\/es\/wp-json\/wp\/v2\/media?parent=3802"}],"curies":[{"name":"wp","href":"https:\/\/api.w.org\/{rel}","templated":true}]}}