{"id":3832,"date":"2020-12-17T16:42:35","date_gmt":"2020-12-17T16:42:35","guid":{"rendered":"https:\/\/hoganspalma.com\/terminos-y-condiciones\/"},"modified":"2020-12-17T16:42:35","modified_gmt":"2020-12-17T16:42:35","slug":"terminos-y-condiciones","status":"publish","type":"page","link":"https:\/\/hoganspalma.com\/es\/terminos-y-condiciones\/","title":{"rendered":"T\u00e9rminos y Condiciones"},"content":{"rendered":"\n<h1>T\u00e9rminos y condiciones generales de negocios para pedidos en l\u00ednea<\/h1>\n\n<p>Estos t\u00e9rminos y condiciones se aplican a los pedidos en l\u00ednea realizados en:<\/p>\n\n<p>IRISH PUB PALMA, S.L.<\/p>\n\n<p><strong>IRISH PUB PALMA, S.L.<\/strong><\/p>\n\n<p>Direcci\u00f3n: CALLE MONSE\u00d1OR PALMER, 2 LOCAL 6, Palma 07014, Spain<\/p>\n\n<p>Tel\u00e9fono p\u00fablico: +34 971 28 96 64<\/p>\n\n<p>Moneda del men\u00fa: EUR<\/p>\n\n<p>(en lo sucesivo denominado &#8220;el Restaurante&#8221; o &#8220;Nosotros&#8221; o &#8220;a Nosotros&#8221;)<br\/>Estos T\u00e9rminos y condiciones se aplican para Usted como cliente que realiza pedidos en l\u00ednea (en adelante, &#8220;Usted&#8221; o &#8220;el Usuario&#8221; o &#8220;el Cliente&#8221;).<\/p>\n\n<p>POR FAVOR LEA ESTOS T\u00c9RMINOS Y CONDICIONES CON MUCHO CUIDADO. SI NO DESEA CUMPLIR CON ESTOS T\u00c9RMINOS Y CONDICIONES, LE RECOMENDAMOS QUE NO ACCEDA Y\/O USE LA APLICACI\u00d3N PARA PEDIDOS EN L\u00cdNEA (EN LO SUCESIVO DENOMINADA &#8220;LA APLICACI\u00d3N&#8221;). AL ACCEDER Y\/O USAR LA APLICACI\u00d3N PARA PEDIDOS EN L\u00cdNEA, SIGNIFICA QUE USTED ACEPTA ESTOS T\u00c9RMINOS Y CONDICIONES.<\/p>\n\n<p>Sujeto a las regulaciones legales vigentes, Nosotros podemos, de acuerdo con nuestra propia decisi\u00f3n, en cualquier momento, modificar o cambiar, de cualquier otra manera, los T\u00e9rminos y Condiciones de Uso. Le recomendamos que lea estos T\u00e9rminos y Condiciones detenidamente cada vez que realice un pedido en l\u00ednea, ya que pueden afectar sus derechos.<\/p>\n\n<p>Estos T\u00e9rminos y Condiciones describen los t\u00e9rminos y condiciones generales para realizar los pedidos en l\u00ednea entre Nosotros y Usted, as\u00ed como los diversos derechos y obligaciones de las Partes.<\/p>\n\n<p>Para evitar cualquier duda, estos T\u00e9rminos y Condiciones se aplican (tambi\u00e9n) a la realizaci\u00f3n de pedidos en l\u00ednea a trav\u00e9s de la aplicaci\u00f3n (en lo sucesivo denominada la &#8220;aplicaci\u00f3n para pedidos en l\u00ednea&#8221; o &#8220;la aplicaci\u00f3n&#8221;; las aplicaciones son la aplicaci\u00f3n para pedidos en l\u00ednea utilizada por el Cliente para realizar un pedido de varios productos y\/o servicios (en lo sucesivo denominados, los &#8220;productos&#8221; y\/o los &#8220;servicios&#8221;).<\/p>\n\n<p>La aplicaci\u00f3n para pedidos en l\u00ednea es propiedad y est\u00e1 operada por el titular del acuerdo de licencia con respecto al uso de la aplicaci\u00f3n para realizar pedidos en l\u00ednea.<br\/>Sin perjuicio a la naturaleza general de los T\u00e9rminos y Condiciones descritos a continuaci\u00f3n y para evitar cualquier duda, Usted tambi\u00e9n debe cumplir con el acuerdo de licencia para utilizar la aplicaci\u00f3n para realizar pedidos en l\u00ednea.<\/p>\n\n<p>El restaurante har\u00e1 todo lo posible para garantizar que la informaci\u00f3n sobre los pedidos en l\u00ednea sea correcta y segura. Sin embargo, no puede ser infalible y, a veces, pueden producirse errores. Usted debe tomar las medidas apropiadas para verificar toda la informaci\u00f3n relacionada con los pedidos en l\u00ednea antes de usarlos. En la mayor medida permitida por la ley aplicable, el Restaurante renuncia a toda declaraci\u00f3n o garant\u00eda de cualquier tipo, ya sea expresa o impl\u00edcita, con respecto a cualquier aspecto relacionado con los pedidos en l\u00ednea, incluida, entre otras, la disponibilidad de la aplicaci\u00f3n para pedidos en l\u00ednea.<\/p>\n\n<p>El restaurante puede revisar, en cualquier momento, la informaci\u00f3n relacionada con la aplicaci\u00f3n para pedidos en l\u00ednea y\/o el proceso de realizaci\u00f3n de pedidos en l\u00ednea y se reserva el derecho de realizar dichos cambios sin la obligaci\u00f3n de notificar a los clientes antiguos, actuales o futuros. De ninguna manea el Restaurante ser\u00e1 responsable por ning\u00fan da\u00f1o indirecto, especial, incidental o consecuente que resulte del uso de cualquier informaci\u00f3n contenida en este documento y\/o relacionada con el proceso de realizaci\u00f3n de los pedidos en l\u00ednea.<\/p>\n\n<p>Al realizar un pedido en l\u00ednea, Usted reconoce y acepta que el uso de la aplicaci\u00f3n y\/o del proceso de realizaci\u00f3n de pedidos en l\u00ednea es bajo Su propio riesgo y en la mayor medida permitida por la ley aplicable, y en ning\u00fan caso Nosotros seremos responsables por cualquier da\u00f1o, p\u00e9rdida, costo o gasto directo, indirecto, incidental, especial, posterior o punitivo, ni por la p\u00e9rdida de ganancias, como resultado del uso o la incapacidad de usar esta aplicaci\u00f3n para pedidos en l\u00ednea y\/o cualquier aplicaci\u00f3n y\/o material en cualquier sitio vinculado a esta aplicaci\u00f3n para pedidos en l\u00ednea (incluidos, entre otros, virus u otros errores, defectos o el mal funcionamiento de las transmisiones inform\u00e1ticas o comunicaciones de red), incluso si hemos sido informados de la posibilidad de tales problemas. Adem\u00e1s, no aceptamos ninguna responsabilidad por los cambios en el contenido de la aplicaci\u00f3n para pedidos en l\u00ednea y\/o en el proceso de realizaci\u00f3n de los pedidos en l\u00ednea por parte de terceros no autorizados. Todas las declaraciones o garant\u00edas expresas o impl\u00edcitas est\u00e1n excluidas en la medida m\u00e1xima permitida por la ley aplicable.<\/p>\n\n<p>La aplicaci\u00f3n para pedidos en l\u00ednea y\/o el proceso de realizaci\u00f3n de pedidos en l\u00ednea pueden incluir contenido, informaci\u00f3n o enlaces hacia terceros o sitios web de terceros. El restaurante no es responsable por el contenido de dichas p\u00e1ginas web ni por el contenido de ninguna promoci\u00f3n o patrocinio de terceros ni por el cumplimiento de estas regulaciones. Se puede acceder a los enlaces bajo el propio riesgo del usuario, y el Restaurante no se responsabiliza ni garantiza el contenido, la integridad o la precisi\u00f3n de estos enlaces o p\u00e1ginas web que hacen referencia a esta aplicaci\u00f3n para pedidos en l\u00ednea. Usted acepta eximir de responsabilidad y eximir al Restaurante de cualquier responsabilidad resultante del uso por parte de Usted de la informaci\u00f3n procedente de terceros o del uso de cualquier sitio web de un tercero.<\/p>\n\n<p>Salvo que se indique expresamente, toda la informaci\u00f3n relacionada con la aplicaci\u00f3n para pedidos en l\u00ednea (incluidas, entre otras, im\u00e1genes, botones y texto) es propiedad y\/o est\u00e1 disponible con el permiso del titular del acuerdo de licencia con respecto al uso de la aplicaci\u00f3n para pedidos en l\u00ednea y posee derechos de uso sobre estos y no pueden copiarse, distribuirse o reproducirse o transmitirse de ninguna forma o por ning\u00fan medio, electr\u00f3nico, mec\u00e1nico, fotocopiado, grabaci\u00f3n o de otra manera, sin el previo consentimiento prestado por escrito de este.<\/p>\n\n<p>El contenido relacionado con productos espec\u00edficos (por ejemplo, alimentos), la disposici\u00f3n y la apariencia de los textos en la aplicaci\u00f3n para pedidos en l\u00ednea y\/o el proceso de realizaci\u00f3n de pedidos en l\u00ednea, las marcas comerciales y cualquier otro contenido son propiedad y est\u00e1n protegidos de acuerdo con las regulaciones legales aplicables y no pueden usarse de ninguna manera sin el consentimiento expreso prestado por escrito del Restaurante.<br\/>El cliente no obtiene ninguna licencia o derecho en relaci\u00f3n con la informaci\u00f3n relativa a la realizaci\u00f3n de pedidos en l\u00ednea y\/o la aplicaci\u00f3n.<\/p>\n\n<p>Si decide realizar un pedido en l\u00ednea mediante la aplicaci\u00f3n para pedidos en l\u00ednea, deber\u00e1 proporcionar los datos de contacto completos y\/o crear una cuenta, y es posible que deba aceptar las cookies. Debe mantener sus datos en secreto y no debe divulgarlos a nadie. El Restaurante se reserva el derecho de suspender el uso de la aplicaci\u00f3n para pedidos en l\u00ednea y\/o el proceso de realizaci\u00f3n de los pedido en l\u00ednea si viola los T\u00e9rminos y Condiciones.<\/p>\n\n<p>Usted reconoce y acepta que todos los pedidos se tratan como una intenci\u00f3n expresa de comprar los productos y\/o los servicios mencionados por los precios en l\u00ednea acordados y Nosotros consideramos que esta es una oferta firme de su parte para comprar dichos productos y servicios. Cualquier modificaci\u00f3n debe realizarse por escrito, de lo contrario no ser\u00e1 vinculante para ninguna de las partes.<\/p>\n\n<p>La aceptaci\u00f3n de cualquier pedido de cualquiera de los productos y\/o servicios ser\u00e1 enteramente a discreci\u00f3n del Restaurante. La aceptaci\u00f3n de un pedido por parte de Nosotros puede ocurrir cuando reciba un mensaje en la pantalla y\/o una notificaci\u00f3n por correo electr\u00f3nico y\/o un SMS de confirmaci\u00f3n de su pedido.<\/p>\n\n<p>El Restaurante se reserva el derecho de rechazar cualquier servicio, suspender su acceso a la aplicaci\u00f3n para pedidos en l\u00ednea y\/o al proceso de realizaci\u00f3n de pedidos en l\u00ednea, de eliminar o editar cualquier contenido, o de aceptar sus pedidos de acuerdo a su exclusivo criterio y sin previo aviso.<br\/>La aplicaci\u00f3n para pedidos en l\u00ednea del Restaurante debe ser utilizada solo por personas mayores de 18 (dieciocho) a\u00f1os o la edad m\u00ednima legal permitida por la ley o de cualquier otra manera bajo la supervisi\u00f3n de un adulto o tutor.<\/p>\n\n<p>Todos los productos y\/o servicios proporcionados a trav\u00e9s de la aplicaci\u00f3n para pedidos en l\u00ednea se realizan &#8220;tal cual&#8221; y &#8220;si est\u00e1n disponibles&#8221;, y el Restaurante excluye expresamente cualquier garant\u00eda, condici\u00f3n, declaraci\u00f3n u otros t\u00e9rminos relacionados con la aplicaci\u00f3n para pedidos en l\u00ednea o el contenido o los productos que se muestran en ella, ya sea de forma expresa o impl\u00edcita, a menos que se indique expresamente lo contrario.<\/p>\n\n<p>Las im\u00e1genes de los productos son solo para presentaci\u00f3n. Los productos pedidos pueden ser distintos (por ejemplo, color, forma, etc.) de las fotos disponibles en la p\u00e1gina web. El Restaurante no se responsabiliza de ninguna manera si la descripci\u00f3n de los productos no est\u00e1 completa.<\/p>\n\n<p>Los pedidos de entrega tambi\u00e9n est\u00e1n sujetos a las siguientes condiciones: i) Su direcci\u00f3n es parte del \u00e1rea de entrega definida por el Restaurante; ii) La disponibilidad en l\u00ednea del restaurante para aceptar pedidos en l\u00ednea; iii) Su pedido puede estar sujeto a una condici\u00f3n de pedido m\u00ednimo;<br\/>Puede pagar utilizando cualquiera de los m\u00e9todos enumerados en nuestra pantalla de salida. Aseg\u00farese de que si realiza su pedido con una tarjeta de cr\u00e9dito o d\u00e9bito, la tarjeta es v\u00e1lida en la fecha en que se realiza el pedido. El restaurante no puede reembolsar dinero procedente de los pedidos pagados en l\u00ednea. Cont\u00e1ctenos directamente para resolver cualquier disputa relacionada con cualquier pago o solicitud de reembolso.<\/p>\n\n<p>Puede ser dirigido autom\u00e1ticamente a un listado en l\u00ednea que se refiere a la ubicaci\u00f3n f\u00edsica del restaurante m\u00e1s cercano a Usted. Tenga en cuenta que los precios, las restricciones de monto m\u00ednimo y las restricciones de efectivo m\u00e1ximas var\u00edan de una ubicaci\u00f3n a otra. Adem\u00e1s, si realiza un pedido en l\u00ednea, el precio cobrado puede ser diferente del precio de los Productos si se hubiesen pedido en la tienda o por tel\u00e9fono.<\/p>\n\n<p>El pedido en l\u00ednea una vez realizado ya no se puede modificar ni cancelar a trav\u00e9s de la p\u00e1gina web o fuera de l\u00ednea mediante una llamada telef\u00f3nica al restaurante. En cualquier caso, si desea cancelar o presentar una queja sobre su pedido, llame a la ubicaci\u00f3n f\u00edsica del restaurante m\u00e1s cercano, cuyos detalles se incluyen en el correo electr\u00f3nico de confirmaci\u00f3n enviado a Usted al realizar el pedido y Nosotros procuraremos ayudarle.<\/p>\n\n<p>Haremos todo lo posible para proporcionarle los productos que ha pedido lo m\u00e1s cerca posible de la hora de entrega\/recogida solicitada por Usted, pero no podemos garantizar, en todos los casos el tiempo de entrega exacto. El tiempo de entrega puede verse afectado por las condiciones clim\u00e1ticas adversas o de tr\u00e1nsito. De esta manera podemos proteger la seguridad de nuestros mensajeros. El servicio de entrega puede ser suspendido temporalmente en \u00e1reas seleccionadas por el mal tiempo o circunstancias imprevistas.<\/p>\n\n<p>El Cliente est\u00e1 de acuerdo aceptar la entrega de los Productos en la hora y en el lugar de entrega convenidos. Si ha elegido que le entreguen los Productos, el Restaurante entregar\u00e1 el pedido a la entrada principal de la direcci\u00f3n de entrega, pero cualquier entrega realizada dentro de la direcci\u00f3n de entrega se realizar\u00e1 solo si el conductor y Usted convienen esto. Si no est\u00e1 presente para recoger la entrega de los productos a la direcci\u00f3n indicada en su pedido, Nosotros no le reembolsaremos el precio pagado por su pedido y le cobraremos el valor total de su pedido.<\/p>\n\n<p>El riesgo relacionado con los Productos se transmitir\u00e1 al Cliente en el momento de la entrega. Cualquier servicio de software\/programa de software se usa y\/o se descarga bajo su propio riesgo. Si tiene alguna duda y no sabe si el servicio de software\/programa software a utilizar y\/o descargar es adecuado para su computadora, le recomendamos que busque asesoramiento especializado antes de usarlo y\/o descargarlo.<\/p>\n\n<p>Usted tiene la responsabilidad de mantener la confidencialidad de sus datos personales, de su contrase\u00f1a y de los detalles de pago. Usted acepta asumir toda la responsabilidad de todas sus actividades en relaci\u00f3n con los pedidos en l\u00ednea (aplicaci\u00f3n).<\/p>\n\n<p>No puede ceder, sublicenciar ni transferir de ninguna manera sus derechos establecidos en estos T\u00e9rminos y Condiciones. Si una disposici\u00f3n de este Acuerdo es y\/o se convierte en inv\u00e1lida, ilegal, inefectiva o inaplicable, esto no afectar\u00e1 la validez o aplicabilidad de las otras disposiciones contractuales, que continuar\u00e1n siendo v\u00e1lidas y producir\u00e1n efectos legales como si la disposici\u00f3n sin validez, legalidad, efectos o aplicabilidad no habr\u00eda sido parte de este acuerdo.<\/p>\n\n<p>Los T\u00e9rminos y Condiciones no afectan sus derechos legales.<\/p>\n\n<p>Las marcas comerciales del Restaurante, as\u00ed como las marcas comerciales de otras personas, pero tambi\u00e9n sus propiedades relacionadas, est\u00e1n protegidas en contra de la copia y la simulaci\u00f3n de acuerdo con las leyes nacionales e internacionales y no pueden reproducirse ni copiarse sin el consentimiento expreso por escrito del Restaurante.<\/p>\n\n<p>En la mayor medida permitida por la ley, el Restaurante excluye cualquier responsabilidad derivada del suministro de Productos y, en particular, no ser\u00e1 responsable por ninguna p\u00e9rdida o da\u00f1o resultante, directa o indirectamente, de o en relaci\u00f3n con el retraso despu\u00e9s de la hora estimada de entrega o recogida; cualquier situaci\u00f3n fuera del control del Restaurante en t\u00e9rminos de consecuencias y que el Restaurante no pudo evitar ejerciendo un cuidado razonable o cualquier p\u00e9rdida indirecta o imprevista sufrida o soportada por el Cliente u otras partes. En cualquier caso, la responsabilidad del Restaurante con el Cliente no exceder\u00e1 el precio total cobrado por los productos y\/o los servicios relevantes.<\/p>\n\n<p>Los T\u00e9rminos y Condiciones ser\u00e1n regulados e interpretados de acuerdo con la ley vigente en el pa\u00eds donde se encuentran la sede del Restaurante y el Restaurante, y cualquier disputa que surja de o en relaci\u00f3n con ellos ser\u00e1 resuelta por los tribunales competentes que tengan jurisdicci\u00f3n sobre la sede del Restaurante, excluyendo la posibilidad de la existencia de un conflicto de leyes.<\/p>\n","protected":false},"excerpt":{"rendered":"<p>T\u00e9rminos y condiciones generales de negocios para pedidos en l\u00ednea Estos t\u00e9rminos y condiciones se aplican a los pedidos en l\u00ednea realizados en: IRISH PUB PALMA, S.L. IRISH PUB PALMA, S.L. Direcci\u00f3n: CALLE MONSE\u00d1OR PALMER, 2 LOCAL 6, Palma 07014, Spain Tel\u00e9fono p\u00fablico: +34 971 28 96 64 Moneda del&#8230;<\/p>\n","protected":false},"author":1,"featured_media":0,"parent":0,"menu_order":30,"comment_status":"closed","ping_status":"closed","template":"","meta":[],"_links":{"self":[{"href":"https:\/\/hoganspalma.com\/es\/wp-json\/wp\/v2\/pages\/3832"}],"collection":[{"href":"https:\/\/hoganspalma.com\/es\/wp-json\/wp\/v2\/pages"}],"about":[{"href":"https:\/\/hoganspalma.com\/es\/wp-json\/wp\/v2\/types\/page"}],"author":[{"embeddable":true,"href":"https:\/\/hoganspalma.com\/es\/wp-json\/wp\/v2\/users\/1"}],"replies":[{"embeddable":true,"href":"https:\/\/hoganspalma.com\/es\/wp-json\/wp\/v2\/comments?post=3832"}],"version-history":[{"count":3,"href":"https:\/\/hoganspalma.com\/es\/wp-json\/wp\/v2\/pages\/3832\/revisions"}],"predecessor-version":[{"id":3835,"href":"https:\/\/hoganspalma.com\/es\/wp-json\/wp\/v2\/pages\/3832\/revisions\/3835"}],"wp:attachment":[{"href":"https:\/\/hoganspalma.com\/es\/wp-json\/wp\/v2\/media?parent=3832"}],"curies":[{"name":"wp","href":"https:\/\/api.w.org\/{rel}","templated":true}]}}